{"id":13973,"date":"2022-11-16T05:06:48","date_gmt":"2022-11-16T05:06:48","guid":{"rendered":"https:\/\/nicoenergy.ca\/home-1\/"},"modified":"2025-08-18T12:25:38","modified_gmt":"2025-08-18T12:25:38","slug":"home-1","status":"publish","type":"page","link":"https:\/\/nicoenergy.ca\/fr\/","title":{"rendered":"Accueil"},"content":{"rendered":"\t\t<div data-elementor-type=\"wp-page\" data-elementor-id=\"13973\" class=\"elementor elementor-13973 elementor-163\">\n\t\t\t\t\t\t<section class=\"elementor-section elementor-top-section elementor-element elementor-element-c6e5beb prt-bgcolor-grey elementor-section-stretched header-first-section prt-column-break-ipad-yes prt-col-stretched-none elementor-section-boxed elementor-section-height-default elementor-section-height-default\" data-id=\"c6e5beb\" data-element_type=\"section\" data-e-type=\"section\" data-settings=\"{&quot;stretch_section&quot;:&quot;section-stretched&quot;}\">\n\t\t\t\t\t\t<div class=\"elementor-container elementor-column-gap-no\">\n\t\t\t\t\t<div class=\"elementor-column elementor-col-50 elementor-top-column elementor-element elementor-element-0350bc2\" data-id=\"0350bc2\" data-element_type=\"column\" data-e-type=\"column\">\n\t\t\t<div class=\"elementor-widget-wrap\">\n\t\t\t\t\t\t\t<\/div>\n\t\t<\/div>\n\t\t\t\t<div class=\"elementor-column elementor-col-50 elementor-top-column elementor-element elementor-element-dc1141a\" data-id=\"dc1141a\" data-element_type=\"column\" data-e-type=\"column\">\n\t\t\t<div class=\"elementor-widget-wrap elementor-element-populated\">\n\t\t\t\t\t\t<div class=\"elementor-element elementor-element-377d17e elementor-widget elementor-widget-heading\" data-id=\"377d17e\" data-element_type=\"widget\" data-e-type=\"widget\" data-widget_type=\"heading.default\">\n\t\t\t\t<div class=\"elementor-widget-container\">\n\t\t\t\t\t<h2 class=\"elementor-heading-title elementor-size-default\"><a href=\"https:\/\/nicoenergy.ca\/wp-content\/uploads\/2024\/12\/Campagne-forages-2023-meilleurs-resultats.jpg\" target=\"_blank\">Meilleurs r\u00e9sultats de la campagne de forage 2023 sur la propri\u00e9t\u00e9 Kremer<\/a><\/h2>\t\t\t\t<\/div>\n\t\t\t\t<\/div>\n\t\t\t\t<div class=\"elementor-element elementor-element-5a0da42 elementor-widget elementor-widget-heading\" data-id=\"5a0da42\" data-element_type=\"widget\" data-e-type=\"widget\" data-widget_type=\"heading.default\">\n\t\t\t\t<div class=\"elementor-widget-container\">\n\t\t\t\t\t<h2 class=\"elementor-heading-title elementor-size-default\"><a href=\"https:\/\/nicoenergy.ca\/t\/pdf\/Mining-Analyst-Report_St-Come-Project.pdf\" target=\"_blank\">Rapport de la firme EBL Consultants (8 ao\u00fbt 2024) sur le projet Kremer (en anglais seulement)<\/a><\/h2>\t\t\t\t<\/div>\n\t\t\t\t<\/div>\n\t\t\t\t\t<\/div>\n\t\t<\/div>\n\t\t\t\t\t<\/div>\n\t\t<\/section>\n\t\t\t\t<section class=\"elementor-section elementor-top-section elementor-element elementor-element-caddcc0 elementor-section-stretched prt-textcolor-white prt-col-stretched-right prt-overflow prt-column-break-ipad-yes elementor-section-boxed elementor-section-height-default elementor-section-height-default\" data-id=\"caddcc0\" data-element_type=\"section\" data-e-type=\"section\" data-settings=\"{&quot;stretch_section&quot;:&quot;section-stretched&quot;,&quot;background_background&quot;:&quot;classic&quot;}\">\n\t\t\t\t\t\t<div class=\"elementor-container elementor-column-gap-default\">\n\t\t\t\t\t<div class=\"elementor-column elementor-col-50 elementor-top-column elementor-element elementor-element-d4da0c7 prt-textcolor-white\" data-id=\"d4da0c7\" data-element_type=\"column\" data-e-type=\"column\" data-settings=\"{&quot;background_background&quot;:&quot;slideshow&quot;,&quot;background_slideshow_slide_transition&quot;:&quot;slide_right&quot;,&quot;background_slideshow_gallery&quot;:[],&quot;background_slideshow_loop&quot;:&quot;yes&quot;,&quot;background_slideshow_slide_duration&quot;:5000,&quot;background_slideshow_transition_duration&quot;:500}\">\n\t\t\t<div class=\"elementor-widget-wrap elementor-element-populated\">\n\t\t\t\t\t\t<div class=\"elementor-element elementor-element-2dd4653 prt-home-head elementor-widget__width-initial elementor-widget elementor-widget-heading\" data-id=\"2dd4653\" data-element_type=\"widget\" data-e-type=\"widget\" data-widget_type=\"heading.default\">\n\t\t\t\t<div class=\"elementor-widget-container\">\n\t\t\t\t\t<h2 class=\"elementor-heading-title elementor-size-default\">Abonnez-vous <\/br>\u00e0 notre \n<span class=\"prt-skincolor1\">infolettre<\/span> <\/h2>\t\t\t\t<\/div>\n\t\t\t\t<\/div>\n\t\t\t\t\t<\/div>\n\t\t<\/div>\n\t\t\t\t<div class=\"elementor-column elementor-col-50 elementor-top-column elementor-element elementor-element-f7fff55\" data-id=\"f7fff55\" data-element_type=\"column\" data-e-type=\"column\" data-settings=\"{&quot;background_background&quot;:&quot;classic&quot;}\">\n\t\t\t<div class=\"elementor-widget-wrap elementor-element-populated\">\n\t\t\t\t\t\t<div class=\"elementor-element elementor-element-fb8547d elementor-widget elementor-widget-html\" data-id=\"fb8547d\" data-element_type=\"widget\" data-e-type=\"widget\" data-widget_type=\"html.default\">\n\t\t\t\t<div class=\"elementor-widget-container\">\n\t\t\t\t\t <div id=\"mc_embed_shell\"> <link href=\"\/\/cdn-images.mailchimp.com\/embedcode\/classic-061523.css\" rel=\"stylesheet\" type=\"text\/css\">\r\n\r\n  <style type=\"text\/css\">\r\n\r\n        #mc_embed_signup{background:#000000; false;clear:left; font:14px; width: 450px; margin:auto;}\r\n\r\n        \/* Add your own Mailchimp form style overrides in your site stylesheet or in this style block.\r\n\r\n           We recommend moving this block and the preceding CSS link to the HEAD of your HTML file. *\/\r\n#mc_embed_signup .mc-field-group select,\r\n#mc_embed_signup .mc-field-group{\r\n    width:100%;\r\n}\r\n<\/style>\r\n\r\n<div id=\"mc_embed_signup\">\r\n\r\n    <form action=https:\/\/nicoenergy.us21.list-manage.com\/subscribe\/post?u=755ec69e74636e5a394c0c72d&amp;id=c886f56269&amp;f_id=00c9fae6f0 method=\"post\" id=\"mc-embedded-subscribe-form\" name=\"mc-embedded-subscribe-form\" class=\"validate\" target=\"_blank\">\r\n\r\n        <div id=\"mc_embed_signup_scroll\">\r\n            \r\n              <!--<h2>Infolettre<\/h2>-->\r\n\r\n        \r\n\r\n            <div class=\"mc-field-group\"><label for=\"mce-EMAIL\">Courriel<span class=\"asterisk\">*<\/span><\/label><input type=\"email\" name=\"EMAIL\" class=\"required email\" id=\"mce-EMAIL\" required=\"\" value=\"\"><\/div><div class=\"mc-field-group\">\r\n                \r\n                <div class=\"mc-field-group\"><label for=\"mce-FNAME\">Pr\u00e9nom <\/label><input type=\"text\" name=\"FNAME\" class=\" text\" id=\"mce-FNAME\" value=\"\"><\/div>\r\n                \r\n                <div class=\"mc-field-group\"><label for=\"mce-LNAME\">Nom <\/label><input type=\"text\" name=\"LNAME\" class=\" text\" id=\"mce-LNAME\" value=\"\"><\/div>\r\n                \r\n                <div class=\"mc-field-group\"><label for=\"mce-MMERGE3\">Langue<\/label><select name=\"MMERGE3\" class=\"\" id=\"mce-MMERGE3\"><option value=\"\"><\/option><option value=\"Fran\u00e7ais\">Fran\u00e7ais<\/option><option value=\"English\">English<\/option><\/select><\/div><\/div>\r\n                \r\n        <div id=\"mce-responses\" class=\"clear\">\r\n            <div class=\"response\" id=\"mce-error-response\" style=\"display: none;\"><\/div>\r\n            <div class=\"response\" id=\"mce-success-response\" style=\"display: none;\"><\/div>\r\n        <\/div>\r\n        <div aria-hidden=\"true\" style=\"position: absolute; left: -5000px;\"><input type=\"text\" name=\"b_755ec69e74636e5a394c0c72d_c886f56269\" tabindex=\"-1\" value=\"\"><\/div><div class=\"clear\"><input type=\"submit\" name=\"subscribe\" id=\"mc-embedded-subscribe\" class=\"button\" value=\"Inscription\"><\/div>\r\n    <\/div>\r\n\r\n<\/form>\r\n\r\n\r\n<\/div>\r\n\r\n<script type=\"text\/javascript\" src=\"\/\/s3.amazonaws.com\/downloads.mailchimp.com\/js\/mc-validate.js\"><\/script><script type=\"text\/javascript\">(function($) {window.fnames = new Array(); window.ftypes = new Array();fnames[0]='EMAIL';ftypes[0]='email';fnames[1]='MMERGE1';ftypes[1]='text';fnames[3]='MMERGE3';ftypes[3]='dropdown';fnames[6]='MMERGE6';ftypes[6]='text';fnames[17]='MMERGE17';ftypes[17]='text';fnames[13]='MMERGE13';ftypes[13]='text';fnames[12]='MMERGE12';ftypes[12]='date';fnames[9]='MMERGE9';ftypes[9]='text';fnames[8]='MMERGE8';ftypes[8]='text';fnames[7]='MMERGE7';ftypes[7]='text';fnames[5]='MMERGE5';ftypes[5]='text';fnames[16]='MMERGE16';ftypes[16]='text';fnames[4]='MMERGE4';ftypes[4]='text';fnames[15]='MMERGE15';ftypes[15]='text';fnames[14]='MMERGE14';ftypes[14]='text';fnames[2]='MMERGE2';ftypes[2]='text';fnames[19]='MMERGE19';ftypes[19]='text';}(jQuery));var $mcj = jQuery.noConflict(true);<\/script><\/div>\r\n\r\n\t\t\t\t<\/div>\n\t\t\t\t<\/div>\n\t\t\t\t\t<\/div>\n\t\t<\/div>\n\t\t\t\t\t<\/div>\n\t\t<\/section>\n\t\t\t\t<section class=\"elementor-section elementor-top-section elementor-element elementor-element-04c1510 elementor-section-stretched prt-textcolor-white prt-col-stretched-right prt-overflow prt-column-break-ipad-yes elementor-section-boxed elementor-section-height-default elementor-section-height-default\" data-id=\"04c1510\" data-element_type=\"section\" data-e-type=\"section\" data-settings=\"{&quot;stretch_section&quot;:&quot;section-stretched&quot;,&quot;background_background&quot;:&quot;classic&quot;}\">\n\t\t\t\t\t\t<div class=\"elementor-container elementor-column-gap-default\">\n\t\t\t\t\t<div class=\"elementor-column elementor-col-50 elementor-top-column elementor-element elementor-element-2a48b85\" data-id=\"2a48b85\" data-element_type=\"column\" data-e-type=\"column\" data-settings=\"{&quot;background_background&quot;:&quot;classic&quot;}\">\n\t\t\t<div class=\"elementor-widget-wrap elementor-element-populated\">\n\t\t\t\t\t\t<div class=\"elementor-element elementor-element-656e610 elementor-widget elementor-widget-video\" data-id=\"656e610\" data-element_type=\"widget\" data-e-type=\"widget\" data-settings=\"{&quot;youtube_url&quot;:&quot;https:\\\/\\\/www.youtube.com\\\/watch?v=MYpe5tK5ncI&quot;,&quot;video_type&quot;:&quot;youtube&quot;,&quot;controls&quot;:&quot;yes&quot;}\" data-widget_type=\"video.default\">\n\t\t\t\t<div class=\"elementor-widget-container\">\n\t\t\t\t\t\t\t<div class=\"elementor-wrapper elementor-open-inline\">\n\t\t\t<div class=\"elementor-video\"><\/div>\t\t<\/div>\n\t\t\t\t\t\t<\/div>\n\t\t\t\t<\/div>\n\t\t\t\t\t<\/div>\n\t\t<\/div>\n\t\t\t\t<div class=\"elementor-column elementor-col-50 elementor-top-column elementor-element elementor-element-cf1830a prt-textcolor-white\" data-id=\"cf1830a\" data-element_type=\"column\" data-e-type=\"column\" data-settings=\"{&quot;background_background&quot;:&quot;slideshow&quot;,&quot;background_slideshow_slide_transition&quot;:&quot;slide_right&quot;,&quot;background_slideshow_gallery&quot;:[],&quot;background_slideshow_loop&quot;:&quot;yes&quot;,&quot;background_slideshow_slide_duration&quot;:5000,&quot;background_slideshow_transition_duration&quot;:500}\">\n\t\t\t<div class=\"elementor-widget-wrap elementor-element-populated\">\n\t\t\t\t\t\t<div class=\"elementor-element elementor-element-cad2ce8 prt-home-head elementor-widget__width-initial elementor-widget elementor-widget-heading\" data-id=\"cad2ce8\" data-element_type=\"widget\" data-e-type=\"widget\" data-widget_type=\"heading.default\">\n\t\t\t\t<div class=\"elementor-widget-container\">\n\t\t\t\t\t<h2 class=\"elementor-heading-title elementor-size-default\">Vid\u00e9o d\u2019entreprise pr\u00e9sentant <\/br>\n<span class=\"prt-skincolor1\">Ni-Co \u00c9nergie inc.<\/span> <\/h2>\t\t\t\t<\/div>\n\t\t\t\t<\/div>\n\t\t\t\t\t<\/div>\n\t\t<\/div>\n\t\t\t\t\t<\/div>\n\t\t<\/section>\n\t\t\t\t<section class=\"elementor-section elementor-top-section elementor-element elementor-element-8787a1b elementor-section-stretched prt-textcolor-white prt-col-stretched-right prt-overflow prt-column-break-ipad-yes elementor-section-boxed elementor-section-height-default elementor-section-height-default\" data-id=\"8787a1b\" data-element_type=\"section\" data-e-type=\"section\" data-settings=\"{&quot;stretch_section&quot;:&quot;section-stretched&quot;,&quot;background_background&quot;:&quot;classic&quot;}\">\n\t\t\t\t\t\t<div class=\"elementor-container elementor-column-gap-default\">\n\t\t\t\t\t<div class=\"elementor-column elementor-col-50 elementor-top-column elementor-element elementor-element-9f01997\" data-id=\"9f01997\" data-element_type=\"column\" data-e-type=\"column\" data-settings=\"{&quot;background_background&quot;:&quot;classic&quot;}\">\n\t\t\t<div class=\"elementor-widget-wrap elementor-element-populated\">\n\t\t\t\t\t\t<div class=\"elementor-element elementor-element-5d6e7f4 prt-home-head elementor-widget__width-initial elementor-widget elementor-widget-heading\" data-id=\"5d6e7f4\" data-element_type=\"widget\" data-e-type=\"widget\" data-widget_type=\"heading.default\">\n\t\t\t\t<div class=\"elementor-widget-container\">\n\t\t\t\t\t<h2 class=\"elementor-heading-title elementor-size-default\">Mise \u00e0 jour sur l\u2019\u00e9tat des travaux en \n<span class=\"prt-skincolor1\">mai 2024<\/span> <\/h2>\t\t\t\t<\/div>\n\t\t\t\t<\/div>\n\t\t\t\t\t<\/div>\n\t\t<\/div>\n\t\t\t\t<div class=\"elementor-column elementor-col-50 elementor-top-column elementor-element elementor-element-7d3170f prt-textcolor-white\" data-id=\"7d3170f\" data-element_type=\"column\" data-e-type=\"column\" data-settings=\"{&quot;background_background&quot;:&quot;slideshow&quot;,&quot;background_slideshow_slide_transition&quot;:&quot;slide_right&quot;,&quot;background_slideshow_gallery&quot;:[],&quot;background_slideshow_loop&quot;:&quot;yes&quot;,&quot;background_slideshow_slide_duration&quot;:5000,&quot;background_slideshow_transition_duration&quot;:500}\">\n\t\t\t<div class=\"elementor-widget-wrap elementor-element-populated\">\n\t\t\t\t\t\t<div class=\"elementor-element elementor-element-cde3ea3 elementor-widget__width-initial elementor-widget elementor-widget-video\" data-id=\"cde3ea3\" data-element_type=\"widget\" data-e-type=\"widget\" data-settings=\"{&quot;youtube_url&quot;:&quot;https:\\\/\\\/www.youtube.com\\\/watch?v=YSwWsSu7P-U&quot;,&quot;video_type&quot;:&quot;youtube&quot;,&quot;controls&quot;:&quot;yes&quot;}\" data-widget_type=\"video.default\">\n\t\t\t\t<div class=\"elementor-widget-container\">\n\t\t\t\t\t\t\t<div class=\"elementor-wrapper elementor-open-inline\">\n\t\t\t<div class=\"elementor-video\"><\/div>\t\t<\/div>\n\t\t\t\t\t\t<\/div>\n\t\t\t\t<\/div>\n\t\t\t\t\t<\/div>\n\t\t<\/div>\n\t\t\t\t\t<\/div>\n\t\t<\/section>\n\t\t\t\t<section class=\"elementor-section elementor-top-section elementor-element elementor-element-05007f2 prt-column-break-ipad-yes elementor-section-stretched prt-bgcolor-grey prt-col-stretched-none elementor-section-boxed elementor-section-height-default elementor-section-height-default\" data-id=\"05007f2\" data-element_type=\"section\" data-e-type=\"section\" data-settings=\"{&quot;stretch_section&quot;:&quot;section-stretched&quot;}\">\n\t\t\t\t\t\t<div class=\"elementor-container elementor-column-gap-default\">\n\t\t\t\t\t<div class=\"elementor-column elementor-col-33 elementor-top-column elementor-element elementor-element-e9c35fc\" data-id=\"e9c35fc\" data-element_type=\"column\" data-e-type=\"column\">\n\t\t\t<div class=\"elementor-widget-wrap\">\n\t\t\t\t\t\t\t<\/div>\n\t\t<\/div>\n\t\t\t\t<div class=\"elementor-column elementor-col-33 elementor-top-column elementor-element elementor-element-1c866b5\" data-id=\"1c866b5\" data-element_type=\"column\" data-e-type=\"column\">\n\t\t\t<div class=\"elementor-widget-wrap\">\n\t\t\t\t\t\t\t<\/div>\n\t\t<\/div>\n\t\t\t\t<div class=\"elementor-column elementor-col-33 elementor-top-column elementor-element elementor-element-7c18fa4 prt-btn-width\" data-id=\"7c18fa4\" data-element_type=\"column\" data-e-type=\"column\">\n\t\t\t<div class=\"elementor-widget-wrap elementor-element-populated\">\n\t\t\t\t\t\t<div class=\"elementor-element elementor-element-d97db5d prt-btn-color-darkgrey elementor-align-left elementor-mobile-align-left prt-btn-shape-rounded elementor-widget__width-initial prt-btn-style-flat elementor-widget elementor-widget-button\" data-id=\"d97db5d\" data-element_type=\"widget\" data-e-type=\"widget\" data-settings=\"{&quot;_animation&quot;:&quot;none&quot;}\" data-widget_type=\"button.default\">\n\t\t\t\t<div class=\"elementor-widget-container\">\n\t\t\t\t\t\t\t\t\t<div class=\"elementor-button-wrapper\">\n\t\t\t\t\t<a class=\"elementor-button elementor-button-link elementor-size-md\" href=\"https:\/\/nicoenergy.ca\/fr\/nouvelles\/\">\n\t\t\t\t\t\t<span class=\"elementor-button-content-wrapper\">\n\t\t\t\t\t\t\t\t\t<span class=\"elementor-button-text\">Voir plus d'articles<\/span>\n\t\t\t\t\t<\/span>\n\t\t\t\t\t<\/a>\n\t\t\t\t<\/div>\n\t\t\t\t\t\t\t\t<\/div>\n\t\t\t\t<\/div>\n\t\t\t\t\t<\/div>\n\t\t<\/div>\n\t\t\t\t\t<\/div>\n\t\t<\/section>\n\t\t\t\t<section class=\"elementor-section elementor-top-section elementor-element elementor-element-39ff438 elementor-section-stretched prt-column-break-ipad-yes prt-bgcolor-grey prt-col-stretched-none elementor-section-boxed elementor-section-height-default elementor-section-height-default\" data-id=\"39ff438\" data-element_type=\"section\" data-e-type=\"section\" data-settings=\"{&quot;stretch_section&quot;:&quot;section-stretched&quot;}\">\n\t\t\t\t\t\t<div class=\"elementor-container elementor-column-gap-default\">\n\t\t\t\t\t<div class=\"elementor-column elementor-col-50 elementor-top-column elementor-element elementor-element-88effa1\" data-id=\"88effa1\" data-element_type=\"column\" data-e-type=\"column\">\n\t\t\t<div class=\"elementor-widget-wrap\">\n\t\t\t\t\t\t\t<\/div>\n\t\t<\/div>\n\t\t\t\t<div class=\"elementor-column elementor-col-50 elementor-top-column elementor-element elementor-element-c4dc591\" data-id=\"c4dc591\" data-element_type=\"column\" data-e-type=\"column\">\n\t\t\t<div class=\"elementor-widget-wrap\">\n\t\t\t\t\t\t\t<\/div>\n\t\t<\/div>\n\t\t\t\t\t<\/div>\n\t\t<\/section>\n\t\t\t\t<\/div>\n\t\t","protected":false},"excerpt":{"rendered":"<p>Meilleurs r\u00e9sultats de la campagne de forage 2023 sur la propri\u00e9t\u00e9 Kremer Rapport de la firme EBL Consultants (8 ao\u00fbt 2024) sur le projet Kremer (en anglais seulement) Abonnez-vous \u00e0 notre infolettre Courriel* Pr\u00e9nom Nom LangueFran\u00e7aisEnglish Vid\u00e9o d\u2019entreprise pr\u00e9sentant Ni-Co \u00c9nergie inc. Mise \u00e0 jour sur l\u2019\u00e9tat des travaux en mai 2024 Voir plus d&rsquo;articles<\/p>\n","protected":false},"author":1,"featured_media":0,"parent":0,"menu_order":0,"comment_status":"closed","ping_status":"closed","template":"","meta":{"footnotes":""},"class_list":["post-13973","page","type-page","status-publish","hentry"],"yoast_head":"<!-- This site is optimized with the Yoast SEO plugin v27.0 - https:\/\/yoast.com\/product\/yoast-seo-wordpress\/ -->\n<title>Accueil | Ni-Co &Eacute;nergie Inc<\/title>\n<meta name=\"robots\" content=\"index, follow, max-snippet:-1, max-image-preview:large, max-video-preview:-1\" \/>\n<link rel=\"canonical\" href=\"https:\/\/nicoenergy.ca\/fr\/\" \/>\n<meta property=\"og:locale\" content=\"fr_FR\" \/>\n<meta property=\"og:type\" content=\"article\" \/>\n<meta property=\"og:title\" content=\"Accueil | Ni-Co &Eacute;nergie Inc\" \/>\n<meta property=\"og:description\" content=\"Meilleurs r\u00e9sultats de la campagne de forage 2023 sur la propri\u00e9t\u00e9 Kremer Rapport de la firme EBL Consultants (8 ao\u00fbt 2024) sur le projet Kremer (en anglais seulement) Abonnez-vous \u00e0 notre infolettre Courriel* Pr\u00e9nom Nom LangueFran\u00e7aisEnglish Vid\u00e9o d\u2019entreprise pr\u00e9sentant Ni-Co \u00c9nergie inc. Mise \u00e0 jour sur l\u2019\u00e9tat des travaux en mai 2024 Voir plus d&rsquo;articles\" \/>\n<meta property=\"og:url\" content=\"https:\/\/nicoenergy.ca\/fr\/\" \/>\n<meta property=\"og:site_name\" content=\"Ni-Co &Eacute;nergie Inc\" \/>\n<meta property=\"article:publisher\" content=\"https:\/\/www.facebook.com\/profile.php?id=61565065499881\" \/>\n<meta property=\"article:modified_time\" content=\"2025-08-18T12:25:38+00:00\" \/>\n<meta property=\"og:image\" content=\"https:\/\/nicoenergy.ca\/wp-content\/uploads\/2024\/11\/cropped-favicon.png\" \/>\n\t<meta property=\"og:image:width\" content=\"512\" \/>\n\t<meta property=\"og:image:height\" content=\"512\" \/>\n\t<meta property=\"og:image:type\" content=\"image\/png\" \/>\n<meta name=\"twitter:card\" content=\"summary_large_image\" \/>\n<meta name=\"twitter:site\" content=\"@NiCo_Energy_inc\" \/>\n<meta name=\"twitter:label1\" content=\"Dur\u00e9e de lecture estim\u00e9e\" \/>\n\t<meta name=\"twitter:data1\" content=\"1 minute\" \/>\n<script type=\"application\/ld+json\" class=\"yoast-schema-graph\">{\"@context\":\"https:\/\/schema.org\",\"@graph\":[{\"@type\":\"WebPage\",\"@id\":\"https:\/\/nicoenergy.ca\/fr\/\",\"url\":\"https:\/\/nicoenergy.ca\/fr\/\",\"name\":\"Accueil | Ni-Co &Eacute;nergie Inc\",\"isPartOf\":{\"@id\":\"https:\/\/nicoenergy.ca\/#website\"},\"datePublished\":\"2022-11-16T05:06:48+00:00\",\"dateModified\":\"2025-08-18T12:25:38+00:00\",\"breadcrumb\":{\"@id\":\"https:\/\/nicoenergy.ca\/fr\/#breadcrumb\"},\"inLanguage\":\"fr-FR\",\"potentialAction\":[{\"@type\":\"ReadAction\",\"target\":[\"https:\/\/nicoenergy.ca\/fr\/\"]}]},{\"@type\":\"BreadcrumbList\",\"@id\":\"https:\/\/nicoenergy.ca\/fr\/#breadcrumb\",\"itemListElement\":[{\"@type\":\"ListItem\",\"position\":1,\"name\":\"Home\",\"item\":\"https:\/\/nicoenergy.ca\/fr\/\"},{\"@type\":\"ListItem\",\"position\":2,\"name\":\"Accueil\"}]},{\"@type\":\"WebSite\",\"@id\":\"https:\/\/nicoenergy.ca\/#website\",\"url\":\"https:\/\/nicoenergy.ca\/\",\"name\":\"Ni-Co \u00c9nergie Inc\",\"description\":\"Exploration de min&eacute;raux critiques comme le nickel, cuivre et cobalt\",\"publisher\":{\"@id\":\"https:\/\/nicoenergy.ca\/#organization\"},\"alternateName\":\"Ni-Co Energy Inc.\",\"potentialAction\":[{\"@type\":\"SearchAction\",\"target\":{\"@type\":\"EntryPoint\",\"urlTemplate\":\"https:\/\/nicoenergy.ca\/?s={search_term_string}\"},\"query-input\":{\"@type\":\"PropertyValueSpecification\",\"valueRequired\":true,\"valueName\":\"search_term_string\"}}],\"inLanguage\":\"fr-FR\"},{\"@type\":\"Organization\",\"@id\":\"https:\/\/nicoenergy.ca\/#organization\",\"name\":\"Ni-Co \u00c9nergie Inc\",\"url\":\"https:\/\/nicoenergy.ca\/\",\"logo\":{\"@type\":\"ImageObject\",\"inLanguage\":\"fr-FR\",\"@id\":\"https:\/\/nicoenergy.ca\/#\/schema\/logo\/image\/\",\"url\":\"https:\/\/nicoenergy.ca\/wp-content\/uploads\/2024\/11\/cropped-favicon.png\",\"contentUrl\":\"https:\/\/nicoenergy.ca\/wp-content\/uploads\/2024\/11\/cropped-favicon.png\",\"width\":512,\"height\":512,\"caption\":\"Ni-Co \u00c9nergie Inc\"},\"image\":{\"@id\":\"https:\/\/nicoenergy.ca\/#\/schema\/logo\/image\/\"},\"sameAs\":[\"https:\/\/www.facebook.com\/profile.php?id=61565065499881\",\"https:\/\/x.com\/NiCo_Energy_inc\",\"https:\/\/www.linkedin.com\/company\/ni-co-energy-inc\/?viewAsMember=true\"]}]}<\/script>\n<!-- \/ Yoast SEO plugin. -->","yoast_head_json":{"title":"Accueil | Ni-Co &Eacute;nergie Inc","robots":{"index":"index","follow":"follow","max-snippet":"max-snippet:-1","max-image-preview":"max-image-preview:large","max-video-preview":"max-video-preview:-1"},"canonical":"https:\/\/nicoenergy.ca\/fr\/","og_locale":"fr_FR","og_type":"article","og_title":"Accueil | Ni-Co &Eacute;nergie Inc","og_description":"Meilleurs r\u00e9sultats de la campagne de forage 2023 sur la propri\u00e9t\u00e9 Kremer Rapport de la firme EBL Consultants (8 ao\u00fbt 2024) sur le projet Kremer (en anglais seulement) Abonnez-vous \u00e0 notre infolettre Courriel* Pr\u00e9nom Nom LangueFran\u00e7aisEnglish Vid\u00e9o d\u2019entreprise pr\u00e9sentant Ni-Co \u00c9nergie inc. Mise \u00e0 jour sur l\u2019\u00e9tat des travaux en mai 2024 Voir plus d&rsquo;articles","og_url":"https:\/\/nicoenergy.ca\/fr\/","og_site_name":"Ni-Co &Eacute;nergie Inc","article_publisher":"https:\/\/www.facebook.com\/profile.php?id=61565065499881","article_modified_time":"2025-08-18T12:25:38+00:00","og_image":[{"width":512,"height":512,"url":"https:\/\/nicoenergy.ca\/wp-content\/uploads\/2024\/11\/cropped-favicon.png","type":"image\/png"}],"twitter_card":"summary_large_image","twitter_site":"@NiCo_Energy_inc","twitter_misc":{"Dur\u00e9e de lecture estim\u00e9e":"1 minute"},"schema":{"@context":"https:\/\/schema.org","@graph":[{"@type":"WebPage","@id":"https:\/\/nicoenergy.ca\/fr\/","url":"https:\/\/nicoenergy.ca\/fr\/","name":"Accueil | Ni-Co &Eacute;nergie Inc","isPartOf":{"@id":"https:\/\/nicoenergy.ca\/#website"},"datePublished":"2022-11-16T05:06:48+00:00","dateModified":"2025-08-18T12:25:38+00:00","breadcrumb":{"@id":"https:\/\/nicoenergy.ca\/fr\/#breadcrumb"},"inLanguage":"fr-FR","potentialAction":[{"@type":"ReadAction","target":["https:\/\/nicoenergy.ca\/fr\/"]}]},{"@type":"BreadcrumbList","@id":"https:\/\/nicoenergy.ca\/fr\/#breadcrumb","itemListElement":[{"@type":"ListItem","position":1,"name":"Home","item":"https:\/\/nicoenergy.ca\/fr\/"},{"@type":"ListItem","position":2,"name":"Accueil"}]},{"@type":"WebSite","@id":"https:\/\/nicoenergy.ca\/#website","url":"https:\/\/nicoenergy.ca\/","name":"Ni-Co \u00c9nergie Inc","description":"Exploration de min&eacute;raux critiques comme le nickel, cuivre et cobalt","publisher":{"@id":"https:\/\/nicoenergy.ca\/#organization"},"alternateName":"Ni-Co Energy Inc.","potentialAction":[{"@type":"SearchAction","target":{"@type":"EntryPoint","urlTemplate":"https:\/\/nicoenergy.ca\/?s={search_term_string}"},"query-input":{"@type":"PropertyValueSpecification","valueRequired":true,"valueName":"search_term_string"}}],"inLanguage":"fr-FR"},{"@type":"Organization","@id":"https:\/\/nicoenergy.ca\/#organization","name":"Ni-Co \u00c9nergie Inc","url":"https:\/\/nicoenergy.ca\/","logo":{"@type":"ImageObject","inLanguage":"fr-FR","@id":"https:\/\/nicoenergy.ca\/#\/schema\/logo\/image\/","url":"https:\/\/nicoenergy.ca\/wp-content\/uploads\/2024\/11\/cropped-favicon.png","contentUrl":"https:\/\/nicoenergy.ca\/wp-content\/uploads\/2024\/11\/cropped-favicon.png","width":512,"height":512,"caption":"Ni-Co \u00c9nergie Inc"},"image":{"@id":"https:\/\/nicoenergy.ca\/#\/schema\/logo\/image\/"},"sameAs":["https:\/\/www.facebook.com\/profile.php?id=61565065499881","https:\/\/x.com\/NiCo_Energy_inc","https:\/\/www.linkedin.com\/company\/ni-co-energy-inc\/?viewAsMember=true"]}]}},"_links":{"self":[{"href":"https:\/\/nicoenergy.ca\/fr\/wp-json\/wp\/v2\/pages\/13973","targetHints":{"allow":["GET"]}}],"collection":[{"href":"https:\/\/nicoenergy.ca\/fr\/wp-json\/wp\/v2\/pages"}],"about":[{"href":"https:\/\/nicoenergy.ca\/fr\/wp-json\/wp\/v2\/types\/page"}],"author":[{"embeddable":true,"href":"https:\/\/nicoenergy.ca\/fr\/wp-json\/wp\/v2\/users\/1"}],"replies":[{"embeddable":true,"href":"https:\/\/nicoenergy.ca\/fr\/wp-json\/wp\/v2\/comments?post=13973"}],"version-history":[{"count":25,"href":"https:\/\/nicoenergy.ca\/fr\/wp-json\/wp\/v2\/pages\/13973\/revisions"}],"predecessor-version":[{"id":14767,"href":"https:\/\/nicoenergy.ca\/fr\/wp-json\/wp\/v2\/pages\/13973\/revisions\/14767"}],"wp:attachment":[{"href":"https:\/\/nicoenergy.ca\/fr\/wp-json\/wp\/v2\/media?parent=13973"}],"curies":[{"name":"wp","href":"https:\/\/api.w.org\/{rel}","templated":true}]}}