{"id":13982,"date":"2024-11-27T14:46:15","date_gmt":"2024-11-27T14:46:15","guid":{"rendered":"https:\/\/nicoenergy.ca\/kremer-project\/"},"modified":"2026-03-11T14:50:42","modified_gmt":"2026-03-11T14:50:42","slug":"projet-kremer","status":"publish","type":"page","link":"https:\/\/nicoenergy.ca\/fr\/projet-kremer\/","title":{"rendered":"Projet Kremer"},"content":{"rendered":"\t\t<div data-elementor-type=\"wp-page\" data-elementor-id=\"13982\" class=\"elementor elementor-13982 elementor-13539\">\n\t\t\t\t<div class=\"elementor-element elementor-element-a206900 e-con-full e-flex e-con e-parent\" data-id=\"a206900\" data-element_type=\"container\" data-e-type=\"container\">\n\t\t\t\t<div class=\"elementor-element elementor-element-07a460c elementor-widget elementor-widget-text-editor\" data-id=\"07a460c\" data-element_type=\"widget\" data-e-type=\"widget\" data-widget_type=\"text-editor.default\">\n\t\t\t\t<div class=\"elementor-widget-container\">\n\t\t\t\t\t\t\t\t\t<h4>Historique<\/h4><p>Sur une propri\u00e9t\u00e9 situ\u00e9e \u00e0 seulement 90 km du centre-ville de Montr\u00e9al mais \u00e0 15 km de distance du centre de la plus proche municipalit\u00e9.\u00a0 Le projet Kremer est caract\u00e9ris\u00e9 par la pr\u00e9sence de min\u00e9raux critiques tels que le nickel, le cuivre et le cobalt, probablement li\u00e9s \u00e0 la pr\u00e9sence d\u2019une intrusion tectonique tardive (anorthosite de Morin). Dans l\u2019ensemble de la province g\u00e9ologique du Grenville, ces intrusions sont reconnues comme \u00e9tant prospectives pour ce type de min\u00e9raux critiques.<\/p><p><a href=\"https:\/\/nicoenergy.ca\/wp-content\/uploads\/2025\/04\/distanceprojet_lacs_villes-scaled.jpg\"><img fetchpriority=\"high\" decoding=\"async\" class=\"alignnone size-medium wp-image-13784\" src=\"https:\/\/nicoenergy.ca\/wp-content\/uploads\/2025\/01\/projet-kremer-2000-300x212.jpg\" alt=\"\" width=\"300\" height=\"212\" srcset=\"https:\/\/nicoenergy.ca\/wp-content\/uploads\/2025\/01\/projet-kremer-2000-300x212.jpg 300w, https:\/\/nicoenergy.ca\/wp-content\/uploads\/2025\/01\/projet-kremer-2000-1024x724.jpg 1024w, https:\/\/nicoenergy.ca\/wp-content\/uploads\/2025\/01\/projet-kremer-2000-768x543.jpg 768w, https:\/\/nicoenergy.ca\/wp-content\/uploads\/2025\/01\/projet-kremer-2000-1536x1086.jpg 1536w, https:\/\/nicoenergy.ca\/wp-content\/uploads\/2025\/01\/projet-kremer-2000-679x480.jpg 679w, https:\/\/nicoenergy.ca\/wp-content\/uploads\/2025\/01\/projet-kremer-2000-617x436.jpg 617w, https:\/\/nicoenergy.ca\/wp-content\/uploads\/2025\/01\/projet-kremer-2000.jpg 2000w\" sizes=\"(max-width: 300px) 100vw, 300px\" \/><img decoding=\"async\" class=\"alignnone wp-image-14519 size-medium\" src=\"https:\/\/nicoenergy.ca\/wp-content\/uploads\/2025\/04\/distanceprojet_lacs_villes-300x192.jpg\" alt=\"\" width=\"300\" height=\"192\" srcset=\"https:\/\/nicoenergy.ca\/wp-content\/uploads\/2025\/04\/distanceprojet_lacs_villes-300x192.jpg 300w, https:\/\/nicoenergy.ca\/wp-content\/uploads\/2025\/04\/distanceprojet_lacs_villes-1024x654.jpg 1024w, https:\/\/nicoenergy.ca\/wp-content\/uploads\/2025\/04\/distanceprojet_lacs_villes-768x491.jpg 768w, https:\/\/nicoenergy.ca\/wp-content\/uploads\/2025\/04\/distanceprojet_lacs_villes-1536x982.jpg 1536w, https:\/\/nicoenergy.ca\/wp-content\/uploads\/2025\/04\/distanceprojet_lacs_villes-2048x1309.jpg 2048w, https:\/\/nicoenergy.ca\/wp-content\/uploads\/2025\/04\/distanceprojet_lacs_villes-751x480.jpg 751w, https:\/\/nicoenergy.ca\/wp-content\/uploads\/2025\/04\/distanceprojet_lacs_villes-617x394.jpg 617w\" sizes=\"(max-width: 300px) 100vw, 300px\" \/><\/a><\/p><p>La zone for\u00e9e et <strong>l&rsquo;anomalie conductrice de 8 km de longueur<\/strong> se trouvent \u00e0 la jonction de l&rsquo;anorthosite de Morin et des m\u00e9tas\u00e9diments. Ce syst\u00e8me s\u2019est r\u00e9v\u00e9l\u00e9 fertile en nickel, cuivre et cobalt \u00e0 la suite de 420 analyses de laboratoire r\u00e9alis\u00e9es \u00e0 l\u2019automne 2023.<\/p><p><a href=\"https:\/\/nicoenergy.ca\/wp-content\/uploads\/2025\/03\/Intrusion-mafique-au-long-de-lanothosite.jpg\"><img decoding=\"async\" class=\"alignnone wp-image-14440\" src=\"https:\/\/nicoenergy.ca\/wp-content\/uploads\/2025\/03\/Intrusion-mafique-au-long-de-lanothosite-300x209.jpg\" alt=\"\" width=\"290\" height=\"202\" srcset=\"https:\/\/nicoenergy.ca\/wp-content\/uploads\/2025\/03\/Intrusion-mafique-au-long-de-lanothosite-300x209.jpg 300w, https:\/\/nicoenergy.ca\/wp-content\/uploads\/2025\/03\/Intrusion-mafique-au-long-de-lanothosite-1024x715.jpg 1024w, https:\/\/nicoenergy.ca\/wp-content\/uploads\/2025\/03\/Intrusion-mafique-au-long-de-lanothosite-768x536.jpg 768w, https:\/\/nicoenergy.ca\/wp-content\/uploads\/2025\/03\/Intrusion-mafique-au-long-de-lanothosite-1536x1072.jpg 1536w, https:\/\/nicoenergy.ca\/wp-content\/uploads\/2025\/03\/Intrusion-mafique-au-long-de-lanothosite-688x480.jpg 688w, https:\/\/nicoenergy.ca\/wp-content\/uploads\/2025\/03\/Intrusion-mafique-au-long-de-lanothosite-617x431.jpg 617w, https:\/\/nicoenergy.ca\/wp-content\/uploads\/2025\/03\/Intrusion-mafique-au-long-de-lanothosite.jpg 1629w\" sizes=\"(max-width: 290px) 100vw, 290px\" \/><\/a> <a href=\"https:\/\/nicoenergy.ca\/wp-content\/uploads\/2025\/03\/jonction-de-lanorthosite-et-des-metasediments.jpg\"><img loading=\"lazy\" decoding=\"async\" class=\"alignnone wp-image-14442 size-medium\" src=\"https:\/\/nicoenergy.ca\/wp-content\/uploads\/2025\/03\/jonction-de-lanorthosite-et-des-metasediments-300x215.jpg\" alt=\"\" width=\"300\" height=\"215\" srcset=\"https:\/\/nicoenergy.ca\/wp-content\/uploads\/2025\/03\/jonction-de-lanorthosite-et-des-metasediments-300x215.jpg 300w, https:\/\/nicoenergy.ca\/wp-content\/uploads\/2025\/03\/jonction-de-lanorthosite-et-des-metasediments-1024x735.jpg 1024w, https:\/\/nicoenergy.ca\/wp-content\/uploads\/2025\/03\/jonction-de-lanorthosite-et-des-metasediments-768x551.jpg 768w, https:\/\/nicoenergy.ca\/wp-content\/uploads\/2025\/03\/jonction-de-lanorthosite-et-des-metasediments-1536x1103.jpg 1536w, https:\/\/nicoenergy.ca\/wp-content\/uploads\/2025\/03\/jonction-de-lanorthosite-et-des-metasediments-669x480.jpg 669w, https:\/\/nicoenergy.ca\/wp-content\/uploads\/2025\/03\/jonction-de-lanorthosite-et-des-metasediments-617x443.jpg 617w, https:\/\/nicoenergy.ca\/wp-content\/uploads\/2025\/03\/jonction-de-lanorthosite-et-des-metasediments.jpg 1659w\" sizes=\"(max-width: 300px) 100vw, 300px\" \/><\/a><\/p><p>En 2022, un lev\u00e9 TDEM (Time Domain Electro Magnetic) h\u00e9liport\u00e9 a permis d\u2019identifier des anomalies \u00e9lectromagn\u00e9tiques prometteuses. Des suivis au sol ont confirm\u00e9 ce potentiel et motiv\u00e9 l&rsquo;enregistrement de 223 claims miniers aupr\u00e8s du minist\u00e8re des ressources naturelles et des f\u00f4rets du Qu\u00e9bec (MRNF). Parmi les principales d\u00e9couvertes, il y a une importante anomalie gravitationnelle et \u00e9lectromagn\u00e9tique de 8 km dans la partie nord-ouest de la propri\u00e9t\u00e9.<\/p><p><a href=\"https:\/\/nicoenergy.ca\/wp-content\/uploads\/2025\/01\/kremer-fr-2000.jpg\"><img loading=\"lazy\" decoding=\"async\" class=\"alignnone size-medium wp-image-14088\" src=\"https:\/\/nicoenergy.ca\/wp-content\/uploads\/2025\/01\/kremer-fr-2000-300x212.jpg\" alt=\"\" width=\"300\" height=\"212\" srcset=\"https:\/\/nicoenergy.ca\/wp-content\/uploads\/2025\/01\/kremer-fr-2000-300x212.jpg 300w, https:\/\/nicoenergy.ca\/wp-content\/uploads\/2025\/01\/kremer-fr-2000-1024x724.jpg 1024w, https:\/\/nicoenergy.ca\/wp-content\/uploads\/2025\/01\/kremer-fr-2000-768x543.jpg 768w, https:\/\/nicoenergy.ca\/wp-content\/uploads\/2025\/01\/kremer-fr-2000-1536x1086.jpg 1536w, https:\/\/nicoenergy.ca\/wp-content\/uploads\/2025\/01\/kremer-fr-2000-679x480.jpg 679w, https:\/\/nicoenergy.ca\/wp-content\/uploads\/2025\/01\/kremer-fr-2000-617x436.jpg 617w, https:\/\/nicoenergy.ca\/wp-content\/uploads\/2025\/01\/kremer-fr-2000.jpg 2000w\" sizes=\"(max-width: 300px) 100vw, 300px\" \/><\/a><\/p><h4>\u00a0<\/h4><h4>AVANC\u00c9ES DE 2023 :\u00a0 EXPLORATION ET D\u00c9COUVERTES<\/h4><p>Au cours de l&rsquo;automne 2023, les efforts se sont concentr\u00e9s sur le forage des cibles prioritaires identifi\u00e9es gr\u00e2ce au lev\u00e9 TDEM et \u00e0 des travaux de prospection intensifs.<\/p><ul><li><strong>22 trous de forage<\/strong> ont \u00e9t\u00e9 r\u00e9alis\u00e9s, totalisant 4 200 m\u00e8tres.<\/li><li><strong>9 trous (environ 40%) ont intersect\u00e9 des sulfures massifs et semi-massifs riches en nickel, en cuivre et en cobalt.<\/strong><\/li><li><strong>420 \u00e9chantillons<\/strong> ont \u00e9t\u00e9 analys\u00e9s en laboratoire (<strong><a href=\"https:\/\/nicoenergy.ca\/wp-content\/uploads\/2025\/01\/Meilleurs-resultats-forages-2023.pdf\" target=\"_blank\" rel=\"noopener\">Voir le tableau r\u00e9capitulatif des meilleurs r\u00e9sultats de cette campagne de forage<\/a><\/strong>).<\/li><\/ul><h4><a href=\"https:\/\/nicoenergy.ca\/wp-content\/uploads\/2025\/01\/image2.jpg\"><img loading=\"lazy\" decoding=\"async\" class=\"alignnone wp-image-13796 size-medium\" src=\"https:\/\/nicoenergy.ca\/wp-content\/uploads\/2025\/01\/image2-300x143.jpg\" alt=\"\" width=\"300\" height=\"143\" srcset=\"https:\/\/nicoenergy.ca\/wp-content\/uploads\/2025\/01\/image2-300x143.jpg 300w, https:\/\/nicoenergy.ca\/wp-content\/uploads\/2025\/01\/image2.jpg 591w\" sizes=\"(max-width: 300px) 100vw, 300px\" \/><\/a><\/h4><h4>\u00a0<\/h4><h4>2024 : TECHNIQUES INNOVANTES ET NOUVELLES D\u00c9COUVERTES<\/h4><ul><li><strong>Lev\u00e9s \u00e9lectromagn\u00e9tiques TDEM au sol :<\/strong> pr\u00e9cision accrue des conducteurs identifi\u00e9s par les lev\u00e9s h\u00e9liport\u00e9s.<\/li><li><strong>Lev\u00e9s \u00e9lectromagn\u00e9tiques TDEM en forage :<\/strong> d\u00e9termination de la g\u00e9om\u00e9trie des zones \u00e0 sulfures conductrices.<\/li><li><strong>Lev\u00e9s magn\u00e9tiques par drone :<\/strong> cartographie d\u00e9taill\u00e9e de la g\u00e9ologie locale.<\/li><li><strong>Lev\u00e9s gravim\u00e9triques au sol: <\/strong>identifiation des corps g\u00e9ologiques denses tels que des lentilles de sulfures massifs ou des unit\u00e9s g\u00e9ologiques mafiques \u00e0 ultramafiques favorables \u00e0 la pr\u00e9sence de nickel, de cuivre et de cobalt.<\/li><\/ul><p>L\u2019interpr\u00e9tation et la mod\u00e9lisation 3D de ces lev\u00e9s sont en cours. La carte pr\u00e9liminaire de la d\u00e9couverte met en \u00e9vidence :<\/p><ul><li>les <strong>variations de densit\u00e9<\/strong> (en couleurs, selon le relev\u00e9 gravim\u00e9trique);<\/li><li>les <strong>lignes noires<\/strong> correspondant aux conducteurs identifi\u00e9s par les sondages \u00e9lectromagn\u00e9tiques;<\/li><li>les <strong>points entour\u00e9s de blanc <\/strong>localisant les 22 trous de forage;<\/li><li>les<strong> points noirs <\/strong>correspondant aux \u00e9chantillons pr\u00e9lev\u00e9s en surface et analys\u00e9s en laboratoire.<\/li><\/ul><p><a href=\"https:\/\/nicoenergy.ca\/wp-content\/uploads\/2025\/01\/Gravimetry_EMSurface_2024_Kremer-fr-2000.jpg\"><img loading=\"lazy\" decoding=\"async\" class=\"alignnone size-medium wp-image-14120\" src=\"https:\/\/nicoenergy.ca\/wp-content\/uploads\/2025\/01\/Gravimetry_EMSurface_2024_Kremer-fr-2000-300x212.jpg\" alt=\"\" width=\"300\" height=\"212\" srcset=\"https:\/\/nicoenergy.ca\/wp-content\/uploads\/2025\/01\/Gravimetry_EMSurface_2024_Kremer-fr-2000-300x212.jpg 300w, https:\/\/nicoenergy.ca\/wp-content\/uploads\/2025\/01\/Gravimetry_EMSurface_2024_Kremer-fr-2000-1024x724.jpg 1024w, https:\/\/nicoenergy.ca\/wp-content\/uploads\/2025\/01\/Gravimetry_EMSurface_2024_Kremer-fr-2000-768x543.jpg 768w, https:\/\/nicoenergy.ca\/wp-content\/uploads\/2025\/01\/Gravimetry_EMSurface_2024_Kremer-fr-2000-1536x1086.jpg 1536w, https:\/\/nicoenergy.ca\/wp-content\/uploads\/2025\/01\/Gravimetry_EMSurface_2024_Kremer-fr-2000-679x480.jpg 679w, https:\/\/nicoenergy.ca\/wp-content\/uploads\/2025\/01\/Gravimetry_EMSurface_2024_Kremer-fr-2000-617x436.jpg 617w, https:\/\/nicoenergy.ca\/wp-content\/uploads\/2025\/01\/Gravimetry_EMSurface_2024_Kremer-fr-2000.jpg 2000w\" sizes=\"(max-width: 300px) 100vw, 300px\" \/><\/a><\/p><p><a href=\"https:\/\/nicoenergy.ca\/wp-content\/uploads\/2025\/03\/Drone_Mag_EMSurface_Francais-1-scaled.jpg\"><img loading=\"lazy\" decoding=\"async\" class=\"alignnone wp-image-14413 size-medium\" src=\"https:\/\/nicoenergy.ca\/wp-content\/uploads\/2025\/03\/Drone_Mag_EMSurface_Francais-1-300x212.jpg\" alt=\"\" width=\"300\" height=\"212\" srcset=\"https:\/\/nicoenergy.ca\/wp-content\/uploads\/2025\/03\/Drone_Mag_EMSurface_Francais-1-300x212.jpg 300w, https:\/\/nicoenergy.ca\/wp-content\/uploads\/2025\/03\/Drone_Mag_EMSurface_Francais-1-1024x724.jpg 1024w, https:\/\/nicoenergy.ca\/wp-content\/uploads\/2025\/03\/Drone_Mag_EMSurface_Francais-1-768x543.jpg 768w, https:\/\/nicoenergy.ca\/wp-content\/uploads\/2025\/03\/Drone_Mag_EMSurface_Francais-1-1536x1086.jpg 1536w, https:\/\/nicoenergy.ca\/wp-content\/uploads\/2025\/03\/Drone_Mag_EMSurface_Francais-1-2048x1448.jpg 2048w\" sizes=\"(max-width: 300px) 100vw, 300px\" \/><\/a><\/p><p>Deux nouvelles zones riches en min\u00e9ralisation ont \u00e9t\u00e9 identifi\u00e9es<\/p><ul><li><strong>Zone nord-ouest <\/strong>o\u00f9 des forages ont d\u00e9j\u00e0 \u00e9t\u00e9 r\u00e9alis\u00e9s.<ul><li>Min\u00e9ralisation en surface aux 25 \u00e0 50 m\u00e8tres sur environ 700 m\u00e8tres;<\/li><li>Deux tranch\u00e9es de 1 m\u00e8tre de profondeur excav\u00e9es.<\/li><\/ul><\/li><li><strong>Zone sud-est <\/strong>o\u00f9 aucune prospection n\u2019avait \u00e9t\u00e9 r\u00e9alis\u00e9e auparavant.<ul><li>Nouveaux indices min\u00e9ralis\u00e9s riches en nickel, en cuivre et en cobalt, jusqu\u2019\u00e0 7 km de la zone actuellement for\u00e9e.<\/li><\/ul><\/li><\/ul><h4>\u00a0<\/h4><h4>2026 : PERSCPECTIVES ET STRAT\u00c9GIES<\/h4><p>Les travaux r\u00e9alis\u00e9s jusqu\u2019ici n\u2019ont permis d&rsquo;explorer qu\u2019une partie d\u2019une zone favorable de 8 km de longueur. Les avanc\u00e9es de 2024 ont permis d\u2019identifier :<\/p><ul><li><strong>une anomalie gravim\u00e9trique importante dans la partie centrale du secteur favorable;<\/strong><\/li><li><strong>deux axes \u00e9lectromagn\u00e9tiques importants le long du secteur favorable de 8 km;<\/strong><\/li><li><strong>30 cibles de forages prioritaires.<\/strong><\/li><\/ul><p>Notre focus se tourne maintenant vers la partie centrale du secteur min\u00e9ralis\u00e9, l\u00e0 o\u00f9\u00a0<strong>des anomalies magn\u00e9tiques, gravim\u00e9triques et \u00e9lectromagn\u00e9giques se recoupent<\/strong>. \u00a0Ces anomalies laissent pr\u00e9sager la pr\u00e9sence d\u2019une<strong>\u00a0importante intrusion mafique enfouie \u00e0 faible profondeur.<\/strong>\u00a0Cette prochaine phase de forage nous permettra de mieux comprendre la min\u00e9ralisation et son \u00e9tendue.<\/p><h4>\u00a0<\/h4><h4>CONCLUSION<\/h4><p>Le projet Kremer se distingue comme une initiative prometteuse dans l\u2019exploration des ressources critiques au Qu\u00e9bec.\u00a0 \u00a0La d\u00e9marche d&rsquo;exploration se poursuit en 2026 de fa\u00e7on structur\u00e9e, ordon\u00e9e et responsable, afin d&rsquo;en \u00e9valuer\u00a0 pr\u00e9cis\u00e9ment le potentiel.<\/p><ul><li><a href=\"https:\/\/nicoenergy.ca\/wp-content\/uploads\/2024\/12\/Campagne-forages-2023-meilleurs-resultats.jpg\" target=\"_blank\" rel=\"noopener\">Meilleurs r\u00e9sultats de la campagne de forage 2023 sur la propri\u00e9t\u00e9 Kremer<\/a><\/li><li><a href=\"https:\/\/nicoenergy.ca\/t\/pdf\/Mining-Analyst-Report_St-Come-Project.pdf\" target=\"_blank\" rel=\"noopener\">Rapport de la firme EBL Consultants (8 ao\u00fbt 2024) sur le projet Kremer (en anglais seulement)<\/a><\/li><\/ul>\t\t\t\t\t\t\t\t<\/div>\n\t\t\t\t<\/div>\n\t\t\t\t<\/div>\n\t\t\t\t<\/div>\n\t\t","protected":false},"excerpt":{"rendered":"<p>Historique Sur une propri\u00e9t\u00e9 situ\u00e9e \u00e0 seulement 90 km du centre-ville de Montr\u00e9al mais \u00e0 15 km de distance du centre de la plus proche municipalit\u00e9.\u00a0 Le projet Kremer est caract\u00e9ris\u00e9 par la pr\u00e9sence de min\u00e9raux critiques tels que le nickel, le cuivre et le cobalt, probablement li\u00e9s \u00e0 la pr\u00e9sence d\u2019une intrusion tectonique tardive &hellip; <a href=\"https:\/\/nicoenergy.ca\/fr\/projet-kremer\/\" class=\"more-link\">Continue reading <span class=\"screen-reader-text\">Projet Kremer<\/span><\/a><\/p>\n","protected":false},"author":1,"featured_media":0,"parent":0,"menu_order":0,"comment_status":"closed","ping_status":"closed","template":"","meta":{"footnotes":""},"class_list":["post-13982","page","type-page","status-publish","hentry"],"yoast_head":"<!-- This site is optimized with the Yoast SEO plugin v27.0 - https:\/\/yoast.com\/product\/yoast-seo-wordpress\/ -->\n<title>Projet Kremer | Ni-Co &Eacute;nergie Inc<\/title>\n<meta name=\"robots\" content=\"index, follow, max-snippet:-1, max-image-preview:large, max-video-preview:-1\" \/>\n<link rel=\"canonical\" href=\"https:\/\/nicoenergy.ca\/fr\/projet-kremer\/\" \/>\n<meta property=\"og:locale\" content=\"fr_FR\" \/>\n<meta property=\"og:type\" content=\"article\" \/>\n<meta property=\"og:title\" content=\"Projet Kremer | Ni-Co &Eacute;nergie Inc\" \/>\n<meta property=\"og:description\" content=\"Historique Sur une propri\u00e9t\u00e9 situ\u00e9e \u00e0 seulement 90 km du centre-ville de Montr\u00e9al mais \u00e0 15 km de distance du centre de la plus proche municipalit\u00e9.\u00a0 Le projet Kremer est caract\u00e9ris\u00e9 par la pr\u00e9sence de min\u00e9raux critiques tels que le nickel, le cuivre et le cobalt, probablement li\u00e9s \u00e0 la pr\u00e9sence d\u2019une intrusion tectonique tardive &hellip; Continue reading Projet Kremer\" \/>\n<meta property=\"og:url\" content=\"https:\/\/nicoenergy.ca\/fr\/projet-kremer\/\" \/>\n<meta property=\"og:site_name\" content=\"Ni-Co &Eacute;nergie Inc\" \/>\n<meta property=\"article:publisher\" content=\"https:\/\/www.facebook.com\/profile.php?id=61565065499881\" \/>\n<meta property=\"article:modified_time\" content=\"2026-03-11T14:50:42+00:00\" \/>\n<meta property=\"og:image\" content=\"https:\/\/nicoenergy.ca\/wp-content\/uploads\/2025\/01\/projet-kremer-2000.jpg\" \/>\n\t<meta property=\"og:image:width\" content=\"2000\" \/>\n\t<meta property=\"og:image:height\" content=\"1414\" \/>\n\t<meta property=\"og:image:type\" content=\"image\/jpeg\" \/>\n<meta name=\"twitter:card\" content=\"summary_large_image\" \/>\n<meta name=\"twitter:site\" content=\"@NiCo_Energy_inc\" \/>\n<meta name=\"twitter:label1\" content=\"Dur\u00e9e de lecture estim\u00e9e\" \/>\n\t<meta name=\"twitter:data1\" content=\"5 minutes\" \/>\n<script type=\"application\/ld+json\" class=\"yoast-schema-graph\">{\"@context\":\"https:\/\/schema.org\",\"@graph\":[{\"@type\":\"WebPage\",\"@id\":\"https:\/\/nicoenergy.ca\/fr\/projet-kremer\/\",\"url\":\"https:\/\/nicoenergy.ca\/fr\/projet-kremer\/\",\"name\":\"Projet Kremer | Ni-Co &Eacute;nergie Inc\",\"isPartOf\":{\"@id\":\"https:\/\/nicoenergy.ca\/#website\"},\"primaryImageOfPage\":{\"@id\":\"https:\/\/nicoenergy.ca\/fr\/projet-kremer\/#primaryimage\"},\"image\":{\"@id\":\"https:\/\/nicoenergy.ca\/fr\/projet-kremer\/#primaryimage\"},\"thumbnailUrl\":\"https:\/\/nicoenergy.ca\/wp-content\/uploads\/2025\/01\/projet-kremer-2000-300x212.jpg\",\"datePublished\":\"2024-11-27T14:46:15+00:00\",\"dateModified\":\"2026-03-11T14:50:42+00:00\",\"breadcrumb\":{\"@id\":\"https:\/\/nicoenergy.ca\/fr\/projet-kremer\/#breadcrumb\"},\"inLanguage\":\"fr-FR\",\"potentialAction\":[{\"@type\":\"ReadAction\",\"target\":[\"https:\/\/nicoenergy.ca\/fr\/projet-kremer\/\"]}]},{\"@type\":\"ImageObject\",\"inLanguage\":\"fr-FR\",\"@id\":\"https:\/\/nicoenergy.ca\/fr\/projet-kremer\/#primaryimage\",\"url\":\"https:\/\/nicoenergy.ca\/wp-content\/uploads\/2025\/01\/projet-kremer-2000-300x212.jpg\",\"contentUrl\":\"https:\/\/nicoenergy.ca\/wp-content\/uploads\/2025\/01\/projet-kremer-2000-300x212.jpg\"},{\"@type\":\"BreadcrumbList\",\"@id\":\"https:\/\/nicoenergy.ca\/fr\/projet-kremer\/#breadcrumb\",\"itemListElement\":[{\"@type\":\"ListItem\",\"position\":1,\"name\":\"Home\",\"item\":\"https:\/\/nicoenergy.ca\/fr\/\"},{\"@type\":\"ListItem\",\"position\":2,\"name\":\"Projet Kremer\"}]},{\"@type\":\"WebSite\",\"@id\":\"https:\/\/nicoenergy.ca\/#website\",\"url\":\"https:\/\/nicoenergy.ca\/\",\"name\":\"Ni-Co \u00c9nergie Inc\",\"description\":\"Exploration de min&eacute;raux critiques comme le nickel, cuivre et cobalt\",\"publisher\":{\"@id\":\"https:\/\/nicoenergy.ca\/#organization\"},\"alternateName\":\"Ni-Co Energy Inc.\",\"potentialAction\":[{\"@type\":\"SearchAction\",\"target\":{\"@type\":\"EntryPoint\",\"urlTemplate\":\"https:\/\/nicoenergy.ca\/?s={search_term_string}\"},\"query-input\":{\"@type\":\"PropertyValueSpecification\",\"valueRequired\":true,\"valueName\":\"search_term_string\"}}],\"inLanguage\":\"fr-FR\"},{\"@type\":\"Organization\",\"@id\":\"https:\/\/nicoenergy.ca\/#organization\",\"name\":\"Ni-Co \u00c9nergie Inc\",\"url\":\"https:\/\/nicoenergy.ca\/\",\"logo\":{\"@type\":\"ImageObject\",\"inLanguage\":\"fr-FR\",\"@id\":\"https:\/\/nicoenergy.ca\/#\/schema\/logo\/image\/\",\"url\":\"https:\/\/nicoenergy.ca\/wp-content\/uploads\/2024\/11\/cropped-favicon.png\",\"contentUrl\":\"https:\/\/nicoenergy.ca\/wp-content\/uploads\/2024\/11\/cropped-favicon.png\",\"width\":512,\"height\":512,\"caption\":\"Ni-Co \u00c9nergie Inc\"},\"image\":{\"@id\":\"https:\/\/nicoenergy.ca\/#\/schema\/logo\/image\/\"},\"sameAs\":[\"https:\/\/www.facebook.com\/profile.php?id=61565065499881\",\"https:\/\/x.com\/NiCo_Energy_inc\",\"https:\/\/www.linkedin.com\/company\/ni-co-energy-inc\/?viewAsMember=true\"]}]}<\/script>\n<!-- \/ Yoast SEO plugin. -->","yoast_head_json":{"title":"Projet Kremer | Ni-Co &Eacute;nergie Inc","robots":{"index":"index","follow":"follow","max-snippet":"max-snippet:-1","max-image-preview":"max-image-preview:large","max-video-preview":"max-video-preview:-1"},"canonical":"https:\/\/nicoenergy.ca\/fr\/projet-kremer\/","og_locale":"fr_FR","og_type":"article","og_title":"Projet Kremer | Ni-Co &Eacute;nergie Inc","og_description":"Historique Sur une propri\u00e9t\u00e9 situ\u00e9e \u00e0 seulement 90 km du centre-ville de Montr\u00e9al mais \u00e0 15 km de distance du centre de la plus proche municipalit\u00e9.\u00a0 Le projet Kremer est caract\u00e9ris\u00e9 par la pr\u00e9sence de min\u00e9raux critiques tels que le nickel, le cuivre et le cobalt, probablement li\u00e9s \u00e0 la pr\u00e9sence d\u2019une intrusion tectonique tardive &hellip; Continue reading Projet Kremer","og_url":"https:\/\/nicoenergy.ca\/fr\/projet-kremer\/","og_site_name":"Ni-Co &Eacute;nergie Inc","article_publisher":"https:\/\/www.facebook.com\/profile.php?id=61565065499881","article_modified_time":"2026-03-11T14:50:42+00:00","og_image":[{"width":2000,"height":1414,"url":"https:\/\/nicoenergy.ca\/wp-content\/uploads\/2025\/01\/projet-kremer-2000.jpg","type":"image\/jpeg"}],"twitter_card":"summary_large_image","twitter_site":"@NiCo_Energy_inc","twitter_misc":{"Dur\u00e9e de lecture estim\u00e9e":"5 minutes"},"schema":{"@context":"https:\/\/schema.org","@graph":[{"@type":"WebPage","@id":"https:\/\/nicoenergy.ca\/fr\/projet-kremer\/","url":"https:\/\/nicoenergy.ca\/fr\/projet-kremer\/","name":"Projet Kremer | Ni-Co &Eacute;nergie Inc","isPartOf":{"@id":"https:\/\/nicoenergy.ca\/#website"},"primaryImageOfPage":{"@id":"https:\/\/nicoenergy.ca\/fr\/projet-kremer\/#primaryimage"},"image":{"@id":"https:\/\/nicoenergy.ca\/fr\/projet-kremer\/#primaryimage"},"thumbnailUrl":"https:\/\/nicoenergy.ca\/wp-content\/uploads\/2025\/01\/projet-kremer-2000-300x212.jpg","datePublished":"2024-11-27T14:46:15+00:00","dateModified":"2026-03-11T14:50:42+00:00","breadcrumb":{"@id":"https:\/\/nicoenergy.ca\/fr\/projet-kremer\/#breadcrumb"},"inLanguage":"fr-FR","potentialAction":[{"@type":"ReadAction","target":["https:\/\/nicoenergy.ca\/fr\/projet-kremer\/"]}]},{"@type":"ImageObject","inLanguage":"fr-FR","@id":"https:\/\/nicoenergy.ca\/fr\/projet-kremer\/#primaryimage","url":"https:\/\/nicoenergy.ca\/wp-content\/uploads\/2025\/01\/projet-kremer-2000-300x212.jpg","contentUrl":"https:\/\/nicoenergy.ca\/wp-content\/uploads\/2025\/01\/projet-kremer-2000-300x212.jpg"},{"@type":"BreadcrumbList","@id":"https:\/\/nicoenergy.ca\/fr\/projet-kremer\/#breadcrumb","itemListElement":[{"@type":"ListItem","position":1,"name":"Home","item":"https:\/\/nicoenergy.ca\/fr\/"},{"@type":"ListItem","position":2,"name":"Projet Kremer"}]},{"@type":"WebSite","@id":"https:\/\/nicoenergy.ca\/#website","url":"https:\/\/nicoenergy.ca\/","name":"Ni-Co \u00c9nergie Inc","description":"Exploration de min&eacute;raux critiques comme le nickel, cuivre et cobalt","publisher":{"@id":"https:\/\/nicoenergy.ca\/#organization"},"alternateName":"Ni-Co Energy Inc.","potentialAction":[{"@type":"SearchAction","target":{"@type":"EntryPoint","urlTemplate":"https:\/\/nicoenergy.ca\/?s={search_term_string}"},"query-input":{"@type":"PropertyValueSpecification","valueRequired":true,"valueName":"search_term_string"}}],"inLanguage":"fr-FR"},{"@type":"Organization","@id":"https:\/\/nicoenergy.ca\/#organization","name":"Ni-Co \u00c9nergie Inc","url":"https:\/\/nicoenergy.ca\/","logo":{"@type":"ImageObject","inLanguage":"fr-FR","@id":"https:\/\/nicoenergy.ca\/#\/schema\/logo\/image\/","url":"https:\/\/nicoenergy.ca\/wp-content\/uploads\/2024\/11\/cropped-favicon.png","contentUrl":"https:\/\/nicoenergy.ca\/wp-content\/uploads\/2024\/11\/cropped-favicon.png","width":512,"height":512,"caption":"Ni-Co \u00c9nergie Inc"},"image":{"@id":"https:\/\/nicoenergy.ca\/#\/schema\/logo\/image\/"},"sameAs":["https:\/\/www.facebook.com\/profile.php?id=61565065499881","https:\/\/x.com\/NiCo_Energy_inc","https:\/\/www.linkedin.com\/company\/ni-co-energy-inc\/?viewAsMember=true"]}]}},"_links":{"self":[{"href":"https:\/\/nicoenergy.ca\/fr\/wp-json\/wp\/v2\/pages\/13982","targetHints":{"allow":["GET"]}}],"collection":[{"href":"https:\/\/nicoenergy.ca\/fr\/wp-json\/wp\/v2\/pages"}],"about":[{"href":"https:\/\/nicoenergy.ca\/fr\/wp-json\/wp\/v2\/types\/page"}],"author":[{"embeddable":true,"href":"https:\/\/nicoenergy.ca\/fr\/wp-json\/wp\/v2\/users\/1"}],"replies":[{"embeddable":true,"href":"https:\/\/nicoenergy.ca\/fr\/wp-json\/wp\/v2\/comments?post=13982"}],"version-history":[{"count":63,"href":"https:\/\/nicoenergy.ca\/fr\/wp-json\/wp\/v2\/pages\/13982\/revisions"}],"predecessor-version":[{"id":15060,"href":"https:\/\/nicoenergy.ca\/fr\/wp-json\/wp\/v2\/pages\/13982\/revisions\/15060"}],"wp:attachment":[{"href":"https:\/\/nicoenergy.ca\/fr\/wp-json\/wp\/v2\/media?parent=13982"}],"curies":[{"name":"wp","href":"https:\/\/api.w.org\/{rel}","templated":true}]}}