{"id":13987,"date":"2022-11-28T04:12:49","date_gmt":"2022-11-28T04:12:49","guid":{"rendered":"https:\/\/nicoenergy.ca\/contact\/"},"modified":"2025-01-30T16:56:10","modified_gmt":"2025-01-30T16:56:10","slug":"nous-joindre","status":"publish","type":"page","link":"https:\/\/nicoenergy.ca\/fr\/nous-joindre\/","title":{"rendered":"Nous joindre"},"content":{"rendered":"\t\t<div data-elementor-type=\"wp-page\" data-elementor-id=\"13987\" class=\"elementor elementor-13987 elementor-2212\">\n\t\t\t\t\t\t<section class=\"elementor-section elementor-top-section elementor-element elementor-element-3af4b1c prt-column-break-ipad-yes prt-bgcolor-darkgrey elementor-section-stretched prt-col-stretched-right prt-right-col-stretched-content-yes prt-textcolor-white elementor-section-boxed elementor-section-height-default elementor-section-height-default\" data-id=\"3af4b1c\" data-element_type=\"section\" data-e-type=\"section\" data-settings=\"{&quot;stretch_section&quot;:&quot;section-stretched&quot;}\">\n\t\t\t\t\t\t<div class=\"elementor-container elementor-column-gap-no\">\n\t\t\t\t\t<div class=\"elementor-column elementor-col-50 elementor-top-column elementor-element elementor-element-90b8c1d\" data-id=\"90b8c1d\" data-element_type=\"column\" data-e-type=\"column\">\n\t\t\t<div class=\"elementor-widget-wrap elementor-element-populated\">\n\t\t\t\t\t\t<div class=\"elementor-element elementor-element-97dd06f elementor-widget elementor-widget-heading\" data-id=\"97dd06f\" data-element_type=\"widget\" data-e-type=\"widget\" data-widget_type=\"heading.default\">\n\t\t\t\t<div class=\"elementor-widget-container\">\n\t\t\t\t\t<h2 class=\"elementor-heading-title elementor-size-default\">Contact<\/h2>\t\t\t\t<\/div>\n\t\t\t\t<\/div>\n\t\t\t\t<div class=\"elementor-element elementor-element-85eac25 elementor-widget elementor-widget-text-editor\" data-id=\"85eac25\" data-element_type=\"widget\" data-e-type=\"widget\" data-widget_type=\"text-editor.default\">\n\t\t\t\t<div class=\"elementor-widget-container\">\n\t\t\t\t\t\t\t\t\t<p>Fond\u00e9e en 2023, Ni-Co \u00c9nergie Inc. est une entreprise qui \u0153uvre dans le domaine de l\u2019exploration de min\u00e9raux critiques comme le nickel, le cuivre et le cobalt. Son champ d\u2019int\u00e9r\u00eat comprend surtout la vaste province g\u00e9ologique de Grenville au Qu\u00e9bec (Laurentides).<\/p>\t\t\t\t\t\t\t\t<\/div>\n\t\t\t\t<\/div>\n\t\t\t\t<div class=\"elementor-element elementor-element-5cee781 prt-text-skin elementor-widget elementor-widget-text-editor\" data-id=\"5cee781\" data-element_type=\"widget\" data-e-type=\"widget\" data-widget_type=\"text-editor.default\">\n\t\t\t\t<div class=\"elementor-widget-container\">\n\t\t\t\t\t\t\t\t\t<h2>Des questions?<\/h2><p><a href=\"mailto:info@nicoenergy.ca\">info@nicoenergy.ca<\/a><\/p>\t\t\t\t\t\t\t\t<\/div>\n\t\t\t\t<\/div>\n\t\t\t\t\t<\/div>\n\t\t<\/div>\n\t\t\t\t<div class=\"elementor-column elementor-col-50 elementor-top-column elementor-element elementor-element-dfc7f8e\" data-id=\"dfc7f8e\" data-element_type=\"column\" data-e-type=\"column\">\n\t\t\t<div class=\"elementor-widget-wrap elementor-element-populated\">\n\t\t\t\t\t\t<div class=\"elementor-element elementor-element-a7c2be2 elementor-widget elementor-widget-google_maps\" data-id=\"a7c2be2\" data-element_type=\"widget\" data-e-type=\"widget\" data-widget_type=\"google_maps.default\">\n\t\t\t\t<div class=\"elementor-widget-container\">\n\t\t\t\t\t\t\t<div class=\"elementor-custom-embed\">\n\t\t\t<iframe loading=\"lazy\"\n\t\t\t\t\tsrc=\"https:\/\/maps.google.com\/maps?q=Ni-Co%20Energy%20Inc%2015%20chemin%20de%20l%E2%80%99%C3%A9tang%20Gatineau%2C%20Qu%C3%A9bec%20J9J%203S9&#038;t=m&#038;z=12&#038;output=embed&#038;iwloc=near\"\n\t\t\t\t\ttitle=\"Ni-Co Energy Inc 15 chemin de l\u2019\u00e9tang Gatineau, Qu\u00e9bec J9J 3S9\"\n\t\t\t\t\taria-label=\"Ni-Co Energy Inc 15 chemin de l\u2019\u00e9tang Gatineau, Qu\u00e9bec J9J 3S9\"\n\t\t\t><\/iframe>\n\t\t<\/div>\n\t\t\t\t\t\t<\/div>\n\t\t\t\t<\/div>\n\t\t\t\t\t<\/div>\n\t\t<\/div>\n\t\t\t\t\t<\/div>\n\t\t<\/section>\n\t\t\t\t<section class=\"elementor-section elementor-top-section elementor-element elementor-element-2fd4b28 prt-bgcolor-grey elementor-section-stretched prt-column-break-ipad-yes prt-contact-01 prt-col-stretched-none elementor-section-boxed elementor-section-height-default elementor-section-height-default\" data-id=\"2fd4b28\" data-element_type=\"section\" data-e-type=\"section\" data-settings=\"{&quot;stretch_section&quot;:&quot;section-stretched&quot;}\">\n\t\t\t\t\t\t<div class=\"elementor-container elementor-column-gap-default\">\n\t\t\t\t\t<div class=\"elementor-column elementor-col-100 elementor-top-column elementor-element elementor-element-8bd2edd prt-contact-social\" data-id=\"8bd2edd\" data-element_type=\"column\" data-e-type=\"column\" data-settings=\"{&quot;background_background&quot;:&quot;classic&quot;}\">\n\t\t\t<div class=\"elementor-widget-wrap elementor-element-populated\">\n\t\t\t\t\t\t<section class=\"elementor-section elementor-inner-section elementor-element elementor-element-c7e87cf prt-column-break-ipad-no prt-col-stretched-none elementor-section-boxed elementor-section-height-default elementor-section-height-default\" data-id=\"c7e87cf\" data-element_type=\"section\" data-e-type=\"section\">\n\t\t\t\t\t\t<div class=\"elementor-container elementor-column-gap-default\">\n\t\t\t\t\t<div class=\"elementor-column elementor-col-100 elementor-inner-column elementor-element elementor-element-a0f561f\" data-id=\"a0f561f\" data-element_type=\"column\" data-e-type=\"column\">\n\t\t\t<div class=\"elementor-widget-wrap elementor-element-populated\">\n\t\t\t\t\t\t<div class=\"elementor-element elementor-element-98b2cdf elementor-widget elementor-widget-heading\" data-id=\"98b2cdf\" data-element_type=\"widget\" data-e-type=\"widget\" data-widget_type=\"heading.default\">\n\t\t\t\t<div class=\"elementor-widget-container\">\n\t\t\t\t\t<h2 class=\"elementor-heading-title elementor-size-default\">Nous joindre<\/h2>\t\t\t\t<\/div>\n\t\t\t\t<\/div>\n\t\t\t\t<div class=\"elementor-element elementor-element-95e6bd5 elementor-widget elementor-widget-shortcode\" data-id=\"95e6bd5\" data-element_type=\"widget\" data-e-type=\"widget\" data-widget_type=\"shortcode.default\">\n\t\t\t\t<div class=\"elementor-widget-container\">\n\t\t\t\t\t\t\t<div class=\"elementor-shortcode\">\n<div class=\"wpcf7 no-js\" id=\"wpcf7-f7732-o1\" lang=\"en-US\" dir=\"ltr\" data-wpcf7-id=\"7732\">\n<div class=\"screen-reader-response\"><p role=\"status\" aria-live=\"polite\" aria-atomic=\"true\"><\/p> <ul><\/ul><\/div>\n<form action=\"\/fr\/wp-json\/wp\/v2\/pages\/13987#wpcf7-f7732-o1\" method=\"post\" class=\"wpcf7-form init\" aria-label=\"Contact form\" novalidate=\"novalidate\" data-status=\"init\">\n<fieldset class=\"hidden-fields-container\"><input type=\"hidden\" name=\"_wpcf7\" value=\"7732\" \/><input type=\"hidden\" name=\"_wpcf7_version\" value=\"6.1.5\" \/><input type=\"hidden\" name=\"_wpcf7_locale\" value=\"en_US\" \/><input type=\"hidden\" name=\"_wpcf7_unit_tag\" value=\"wpcf7-f7732-o1\" \/><input type=\"hidden\" name=\"_wpcf7_container_post\" value=\"0\" \/><input type=\"hidden\" name=\"_wpcf7_posted_data_hash\" value=\"\" \/>\n<\/fieldset>\n<div class=\"prt-commonform prt-contactform-01\">\n\t<div class=\"row\">\n\t\t<div class=\"col-md-6\">\n\t\t\t<p><span class=\"wpcf7-form-control-wrap\" data-name=\"your-name\"><input size=\"40\" maxlength=\"400\" class=\"wpcf7-form-control wpcf7-text wpcf7-validates-as-required\" aria-required=\"true\" aria-invalid=\"false\" placeholder=\"Votre nom\" value=\"\" type=\"text\" name=\"your-name\" \/><\/span>\n\t\t\t<\/p>\n\t\t<\/div>\n\t\t<div class=\"col-md-6\">\n\t\t\t<p><span class=\"wpcf7-form-control-wrap\" data-name=\"your-email\"><input size=\"40\" maxlength=\"400\" class=\"wpcf7-form-control wpcf7-email wpcf7-validates-as-required wpcf7-text wpcf7-validates-as-email\" aria-required=\"true\" aria-invalid=\"false\" placeholder=\"Courriel\" value=\"\" type=\"email\" name=\"your-email\" \/><\/span>\n\t\t\t<\/p>\n\t\t<\/div>\n\t\t<div class=\"col-md-6\">\n\t\t\t<p><span class=\"wpcf7-form-control-wrap\" data-name=\"Phonenumber\"><input size=\"40\" maxlength=\"400\" class=\"wpcf7-form-control wpcf7-tel wpcf7-text wpcf7-validates-as-tel\" aria-invalid=\"false\" placeholder=\"T\u00e9l\u00e9phone\" value=\"\" type=\"tel\" name=\"Phonenumber\" \/><\/span>\n\t\t\t<\/p>\n\t\t<\/div>\n\t\t<div class=\"col-md-6\">\n\t\t\t<p><span class=\"wpcf7-form-control-wrap\" data-name=\"Zipcode\"><input size=\"40\" maxlength=\"400\" class=\"wpcf7-form-control wpcf7-text\" aria-invalid=\"false\" placeholder=\"Code postal\" value=\"\" type=\"text\" name=\"Zipcode\" \/><\/span>\n\t\t\t<\/p>\n\t\t<\/div>\n\t<\/div>\n\t<div class=\"row\">\n\t\t<div class=\"col-md-12\">\n\t\t\t<p><span class=\"wpcf7-form-control-wrap\" data-name=\"your-message\"><textarea cols=\"50\" rows=\"4\" maxlength=\"2000\" class=\"wpcf7-form-control wpcf7-textarea wpcf7-validates-as-required\" aria-required=\"true\" aria-invalid=\"false\" placeholder=\"Votre message\" name=\"your-message\"><\/textarea><\/span>\n\t\t\t<\/p>\n\t\t<\/div>\n\t<\/div>\n\t<div class=\"row\">\n\t\t<div class=\"col-md-12\">\n\t\t\t<div class=\"prt-contact-btn prt-btn-color-skincolor prt-btn-style-flat prt-btn-shape-round elementor-widget elementor-widget-button\">\n\t\t\t\t<p><input class=\"wpcf7-form-control wpcf7-submit has-spinner elementor-button-link elementor-button elementor-size-md\" type=\"submit\" value=\"Envoyer\" \/>\n\t\t\t\t<\/p>\n\t\t\t<\/div>\n\t\t<\/div>\n\t<\/div>\n<div class=\"wpcf7-response-output\" aria-hidden=\"true\"><\/div>\n<\/div><p style=\"display: none !important;\" class=\"akismet-fields-container\" data-prefix=\"_wpcf7_ak_\"><label>&#916;<textarea name=\"_wpcf7_ak_hp_textarea\" cols=\"45\" rows=\"8\" maxlength=\"100\"><\/textarea><\/label><input type=\"hidden\" id=\"ak_js_1\" name=\"_wpcf7_ak_js\" value=\"23\"\/><script>document.getElementById( \"ak_js_1\" ).setAttribute( \"value\", ( new Date() ).getTime() );<\/script><\/p>\n<\/form>\n<\/div>\n<\/div>\n\t\t\t\t\t\t<\/div>\n\t\t\t\t<\/div>\n\t\t\t\t\t<\/div>\n\t\t<\/div>\n\t\t\t\t\t<\/div>\n\t\t<\/section>\n\t\t\t\t\t<\/div>\n\t\t<\/div>\n\t\t\t\t\t<\/div>\n\t\t<\/section>\n\t\t\t\t<section class=\"elementor-section elementor-top-section elementor-element elementor-element-7187b59 elementor-section-stretched prt-column-break-ipad-yes prt-bgcolor-grey prt-col-stretched-none elementor-section-boxed elementor-section-height-default elementor-section-height-default\" data-id=\"7187b59\" data-element_type=\"section\" data-e-type=\"section\" data-settings=\"{&quot;stretch_section&quot;:&quot;section-stretched&quot;}\">\n\t\t\t\t\t\t<div class=\"elementor-container elementor-column-gap-default\">\n\t\t\t\t\t<div class=\"elementor-column elementor-col-100 elementor-top-column elementor-element elementor-element-5185365\" data-id=\"5185365\" data-element_type=\"column\" data-e-type=\"column\">\n\t\t\t<div class=\"elementor-widget-wrap\">\n\t\t\t\t\t\t\t<\/div>\n\t\t<\/div>\n\t\t\t\t\t<\/div>\n\t\t<\/section>\n\t\t\t\t<\/div>\n\t\t","protected":false},"excerpt":{"rendered":"<p>Contact Fond\u00e9e en 2023, Ni-Co \u00c9nergie Inc. est une entreprise qui \u0153uvre dans le domaine de l\u2019exploration de min\u00e9raux critiques comme le nickel, le cuivre et le cobalt. Son champ d\u2019int\u00e9r\u00eat comprend surtout la vaste province g\u00e9ologique de Grenville au Qu\u00e9bec (Laurentides). Des questions? info@nicoenergy.ca Nous joindre<\/p>\n","protected":false},"author":1,"featured_media":0,"parent":0,"menu_order":0,"comment_status":"closed","ping_status":"closed","template":"","meta":{"footnotes":""},"class_list":["post-13987","page","type-page","status-publish","hentry"],"yoast_head":"<!-- This site is optimized with the Yoast SEO plugin v27.0 - https:\/\/yoast.com\/product\/yoast-seo-wordpress\/ -->\n<title>Nous joindre | Ni-Co &Eacute;nergie Inc<\/title>\n<meta name=\"robots\" content=\"index, follow, max-snippet:-1, max-image-preview:large, max-video-preview:-1\" \/>\n<link rel=\"canonical\" href=\"https:\/\/nicoenergy.ca\/fr\/nous-joindre\/\" \/>\n<meta property=\"og:locale\" content=\"fr_FR\" \/>\n<meta property=\"og:type\" content=\"article\" \/>\n<meta property=\"og:title\" content=\"Nous joindre | Ni-Co &Eacute;nergie Inc\" \/>\n<meta property=\"og:description\" content=\"Contact Fond\u00e9e en 2023, Ni-Co \u00c9nergie Inc. est une entreprise qui \u0153uvre dans le domaine de l\u2019exploration de min\u00e9raux critiques comme le nickel, le cuivre et le cobalt. Son champ d\u2019int\u00e9r\u00eat comprend surtout la vaste province g\u00e9ologique de Grenville au Qu\u00e9bec (Laurentides). Des questions? info@nicoenergy.ca Nous joindre\" \/>\n<meta property=\"og:url\" content=\"https:\/\/nicoenergy.ca\/fr\/nous-joindre\/\" \/>\n<meta property=\"og:site_name\" content=\"Ni-Co &Eacute;nergie Inc\" \/>\n<meta property=\"article:publisher\" content=\"https:\/\/www.facebook.com\/profile.php?id=61565065499881\" \/>\n<meta property=\"article:modified_time\" content=\"2025-01-30T16:56:10+00:00\" \/>\n<meta property=\"og:image\" content=\"https:\/\/nicoenergy.ca\/wp-content\/uploads\/2024\/11\/cropped-favicon.png\" \/>\n\t<meta property=\"og:image:width\" content=\"512\" \/>\n\t<meta property=\"og:image:height\" content=\"512\" \/>\n\t<meta property=\"og:image:type\" content=\"image\/png\" \/>\n<meta name=\"twitter:card\" content=\"summary_large_image\" \/>\n<meta name=\"twitter:site\" content=\"@NiCo_Energy_inc\" \/>\n<meta name=\"twitter:label1\" content=\"Dur\u00e9e de lecture estim\u00e9e\" \/>\n\t<meta name=\"twitter:data1\" content=\"1 minute\" \/>\n<script type=\"application\/ld+json\" class=\"yoast-schema-graph\">{\"@context\":\"https:\/\/schema.org\",\"@graph\":[{\"@type\":\"WebPage\",\"@id\":\"https:\/\/nicoenergy.ca\/fr\/nous-joindre\/\",\"url\":\"https:\/\/nicoenergy.ca\/fr\/nous-joindre\/\",\"name\":\"Nous joindre | Ni-Co &Eacute;nergie Inc\",\"isPartOf\":{\"@id\":\"https:\/\/nicoenergy.ca\/#website\"},\"datePublished\":\"2022-11-28T04:12:49+00:00\",\"dateModified\":\"2025-01-30T16:56:10+00:00\",\"breadcrumb\":{\"@id\":\"https:\/\/nicoenergy.ca\/fr\/nous-joindre\/#breadcrumb\"},\"inLanguage\":\"fr-FR\",\"potentialAction\":[{\"@type\":\"ReadAction\",\"target\":[\"https:\/\/nicoenergy.ca\/fr\/nous-joindre\/\"]}]},{\"@type\":\"BreadcrumbList\",\"@id\":\"https:\/\/nicoenergy.ca\/fr\/nous-joindre\/#breadcrumb\",\"itemListElement\":[{\"@type\":\"ListItem\",\"position\":1,\"name\":\"Home\",\"item\":\"https:\/\/nicoenergy.ca\/fr\/\"},{\"@type\":\"ListItem\",\"position\":2,\"name\":\"Nous joindre\"}]},{\"@type\":\"WebSite\",\"@id\":\"https:\/\/nicoenergy.ca\/#website\",\"url\":\"https:\/\/nicoenergy.ca\/\",\"name\":\"Ni-Co \u00c9nergie Inc\",\"description\":\"Exploration de min&eacute;raux critiques comme le nickel, cuivre et cobalt\",\"publisher\":{\"@id\":\"https:\/\/nicoenergy.ca\/#organization\"},\"alternateName\":\"Ni-Co Energy Inc.\",\"potentialAction\":[{\"@type\":\"SearchAction\",\"target\":{\"@type\":\"EntryPoint\",\"urlTemplate\":\"https:\/\/nicoenergy.ca\/?s={search_term_string}\"},\"query-input\":{\"@type\":\"PropertyValueSpecification\",\"valueRequired\":true,\"valueName\":\"search_term_string\"}}],\"inLanguage\":\"fr-FR\"},{\"@type\":\"Organization\",\"@id\":\"https:\/\/nicoenergy.ca\/#organization\",\"name\":\"Ni-Co \u00c9nergie Inc\",\"url\":\"https:\/\/nicoenergy.ca\/\",\"logo\":{\"@type\":\"ImageObject\",\"inLanguage\":\"fr-FR\",\"@id\":\"https:\/\/nicoenergy.ca\/#\/schema\/logo\/image\/\",\"url\":\"https:\/\/nicoenergy.ca\/wp-content\/uploads\/2024\/11\/cropped-favicon.png\",\"contentUrl\":\"https:\/\/nicoenergy.ca\/wp-content\/uploads\/2024\/11\/cropped-favicon.png\",\"width\":512,\"height\":512,\"caption\":\"Ni-Co \u00c9nergie Inc\"},\"image\":{\"@id\":\"https:\/\/nicoenergy.ca\/#\/schema\/logo\/image\/\"},\"sameAs\":[\"https:\/\/www.facebook.com\/profile.php?id=61565065499881\",\"https:\/\/x.com\/NiCo_Energy_inc\",\"https:\/\/www.linkedin.com\/company\/ni-co-energy-inc\/?viewAsMember=true\"]}]}<\/script>\n<!-- \/ Yoast SEO plugin. -->","yoast_head_json":{"title":"Nous joindre | Ni-Co &Eacute;nergie Inc","robots":{"index":"index","follow":"follow","max-snippet":"max-snippet:-1","max-image-preview":"max-image-preview:large","max-video-preview":"max-video-preview:-1"},"canonical":"https:\/\/nicoenergy.ca\/fr\/nous-joindre\/","og_locale":"fr_FR","og_type":"article","og_title":"Nous joindre | Ni-Co &Eacute;nergie Inc","og_description":"Contact Fond\u00e9e en 2023, Ni-Co \u00c9nergie Inc. est une entreprise qui \u0153uvre dans le domaine de l\u2019exploration de min\u00e9raux critiques comme le nickel, le cuivre et le cobalt. Son champ d\u2019int\u00e9r\u00eat comprend surtout la vaste province g\u00e9ologique de Grenville au Qu\u00e9bec (Laurentides). Des questions? info@nicoenergy.ca Nous joindre","og_url":"https:\/\/nicoenergy.ca\/fr\/nous-joindre\/","og_site_name":"Ni-Co &Eacute;nergie Inc","article_publisher":"https:\/\/www.facebook.com\/profile.php?id=61565065499881","article_modified_time":"2025-01-30T16:56:10+00:00","og_image":[{"width":512,"height":512,"url":"https:\/\/nicoenergy.ca\/wp-content\/uploads\/2024\/11\/cropped-favicon.png","type":"image\/png"}],"twitter_card":"summary_large_image","twitter_site":"@NiCo_Energy_inc","twitter_misc":{"Dur\u00e9e de lecture estim\u00e9e":"1 minute"},"schema":{"@context":"https:\/\/schema.org","@graph":[{"@type":"WebPage","@id":"https:\/\/nicoenergy.ca\/fr\/nous-joindre\/","url":"https:\/\/nicoenergy.ca\/fr\/nous-joindre\/","name":"Nous joindre | Ni-Co &Eacute;nergie Inc","isPartOf":{"@id":"https:\/\/nicoenergy.ca\/#website"},"datePublished":"2022-11-28T04:12:49+00:00","dateModified":"2025-01-30T16:56:10+00:00","breadcrumb":{"@id":"https:\/\/nicoenergy.ca\/fr\/nous-joindre\/#breadcrumb"},"inLanguage":"fr-FR","potentialAction":[{"@type":"ReadAction","target":["https:\/\/nicoenergy.ca\/fr\/nous-joindre\/"]}]},{"@type":"BreadcrumbList","@id":"https:\/\/nicoenergy.ca\/fr\/nous-joindre\/#breadcrumb","itemListElement":[{"@type":"ListItem","position":1,"name":"Home","item":"https:\/\/nicoenergy.ca\/fr\/"},{"@type":"ListItem","position":2,"name":"Nous joindre"}]},{"@type":"WebSite","@id":"https:\/\/nicoenergy.ca\/#website","url":"https:\/\/nicoenergy.ca\/","name":"Ni-Co \u00c9nergie Inc","description":"Exploration de min&eacute;raux critiques comme le nickel, cuivre et cobalt","publisher":{"@id":"https:\/\/nicoenergy.ca\/#organization"},"alternateName":"Ni-Co Energy Inc.","potentialAction":[{"@type":"SearchAction","target":{"@type":"EntryPoint","urlTemplate":"https:\/\/nicoenergy.ca\/?s={search_term_string}"},"query-input":{"@type":"PropertyValueSpecification","valueRequired":true,"valueName":"search_term_string"}}],"inLanguage":"fr-FR"},{"@type":"Organization","@id":"https:\/\/nicoenergy.ca\/#organization","name":"Ni-Co \u00c9nergie Inc","url":"https:\/\/nicoenergy.ca\/","logo":{"@type":"ImageObject","inLanguage":"fr-FR","@id":"https:\/\/nicoenergy.ca\/#\/schema\/logo\/image\/","url":"https:\/\/nicoenergy.ca\/wp-content\/uploads\/2024\/11\/cropped-favicon.png","contentUrl":"https:\/\/nicoenergy.ca\/wp-content\/uploads\/2024\/11\/cropped-favicon.png","width":512,"height":512,"caption":"Ni-Co \u00c9nergie Inc"},"image":{"@id":"https:\/\/nicoenergy.ca\/#\/schema\/logo\/image\/"},"sameAs":["https:\/\/www.facebook.com\/profile.php?id=61565065499881","https:\/\/x.com\/NiCo_Energy_inc","https:\/\/www.linkedin.com\/company\/ni-co-energy-inc\/?viewAsMember=true"]}]}},"_links":{"self":[{"href":"https:\/\/nicoenergy.ca\/fr\/wp-json\/wp\/v2\/pages\/13987","targetHints":{"allow":["GET"]}}],"collection":[{"href":"https:\/\/nicoenergy.ca\/fr\/wp-json\/wp\/v2\/pages"}],"about":[{"href":"https:\/\/nicoenergy.ca\/fr\/wp-json\/wp\/v2\/types\/page"}],"author":[{"embeddable":true,"href":"https:\/\/nicoenergy.ca\/fr\/wp-json\/wp\/v2\/users\/1"}],"replies":[{"embeddable":true,"href":"https:\/\/nicoenergy.ca\/fr\/wp-json\/wp\/v2\/comments?post=13987"}],"version-history":[{"count":8,"href":"https:\/\/nicoenergy.ca\/fr\/wp-json\/wp\/v2\/pages\/13987\/revisions"}],"predecessor-version":[{"id":14189,"href":"https:\/\/nicoenergy.ca\/fr\/wp-json\/wp\/v2\/pages\/13987\/revisions\/14189"}],"wp:attachment":[{"href":"https:\/\/nicoenergy.ca\/fr\/wp-json\/wp\/v2\/media?parent=13987"}],"curies":[{"name":"wp","href":"https:\/\/api.w.org\/{rel}","templated":true}]}}