{"id":14006,"date":"2024-12-20T15:36:12","date_gmt":"2024-12-20T15:36:12","guid":{"rendered":"https:\/\/nicoenergy.ca\/communaute\/"},"modified":"2025-04-09T19:34:15","modified_gmt":"2025-04-09T19:34:15","slug":"communaute","status":"publish","type":"page","link":"https:\/\/nicoenergy.ca\/fr\/communaute\/","title":{"rendered":"Communaut\u00e9"},"content":{"rendered":"\t\t<div data-elementor-type=\"wp-page\" data-elementor-id=\"14006\" class=\"elementor elementor-14006\">\n\t\t\t\t<div class=\"elementor-element elementor-element-f26c77f e-flex e-con-boxed e-con e-parent\" data-id=\"f26c77f\" data-element_type=\"container\" data-e-type=\"container\">\n\t\t\t\t\t<div class=\"e-con-inner\">\n\t\t\t\t<div class=\"elementor-element elementor-element-4cce4bf elementor-widget elementor-widget-text-editor\" data-id=\"4cce4bf\" data-element_type=\"widget\" data-e-type=\"widget\" data-widget_type=\"text-editor.default\">\n\t\t\t\t<div class=\"elementor-widget-container\">\n\t\t\t\t\t\t\t\t\t<div id=\"Content\"><p>Si vous souhaitez obtenir de plus amples informations ou partager une r\u00e9flexion avec nous, n\u2019h\u00e9sitez pas \u00e0 nous en faire part.<\/p><\/div>\t\t\t\t\t\t\t\t<\/div>\n\t\t\t\t<\/div>\n\t\t\t\t<div class=\"elementor-element elementor-element-5055c13 elementor-widget elementor-widget-shortcode\" data-id=\"5055c13\" data-element_type=\"widget\" data-e-type=\"widget\" data-widget_type=\"shortcode.default\">\n\t\t\t\t<div class=\"elementor-widget-container\">\n\t\t\t\t\t\t\t<div class=\"elementor-shortcode\">\n<div class=\"wpcf7 no-js\" id=\"wpcf7-f7732-o1\" lang=\"en-US\" dir=\"ltr\" data-wpcf7-id=\"7732\">\n<div class=\"screen-reader-response\"><p role=\"status\" aria-live=\"polite\" aria-atomic=\"true\"><\/p> <ul><\/ul><\/div>\n<form action=\"\/fr\/wp-json\/wp\/v2\/pages\/14006#wpcf7-f7732-o1\" method=\"post\" class=\"wpcf7-form init\" aria-label=\"Contact form\" novalidate=\"novalidate\" data-status=\"init\">\n<fieldset class=\"hidden-fields-container\"><input type=\"hidden\" name=\"_wpcf7\" value=\"7732\" \/><input type=\"hidden\" name=\"_wpcf7_version\" value=\"6.1.5\" \/><input type=\"hidden\" name=\"_wpcf7_locale\" value=\"en_US\" \/><input type=\"hidden\" name=\"_wpcf7_unit_tag\" value=\"wpcf7-f7732-o1\" \/><input type=\"hidden\" name=\"_wpcf7_container_post\" value=\"0\" \/><input type=\"hidden\" name=\"_wpcf7_posted_data_hash\" value=\"\" \/>\n<\/fieldset>\n<div class=\"prt-commonform prt-contactform-01\">\n\t<div class=\"row\">\n\t\t<div class=\"col-md-6\">\n\t\t\t<p><span class=\"wpcf7-form-control-wrap\" data-name=\"your-name\"><input size=\"40\" maxlength=\"400\" class=\"wpcf7-form-control wpcf7-text wpcf7-validates-as-required\" aria-required=\"true\" aria-invalid=\"false\" placeholder=\"Votre nom\" value=\"\" type=\"text\" name=\"your-name\" \/><\/span>\n\t\t\t<\/p>\n\t\t<\/div>\n\t\t<div class=\"col-md-6\">\n\t\t\t<p><span class=\"wpcf7-form-control-wrap\" data-name=\"your-email\"><input size=\"40\" maxlength=\"400\" class=\"wpcf7-form-control wpcf7-email wpcf7-validates-as-required wpcf7-text wpcf7-validates-as-email\" aria-required=\"true\" aria-invalid=\"false\" placeholder=\"Courriel\" value=\"\" type=\"email\" name=\"your-email\" \/><\/span>\n\t\t\t<\/p>\n\t\t<\/div>\n\t\t<div class=\"col-md-6\">\n\t\t\t<p><span class=\"wpcf7-form-control-wrap\" data-name=\"Phonenumber\"><input size=\"40\" maxlength=\"400\" class=\"wpcf7-form-control wpcf7-tel wpcf7-text wpcf7-validates-as-tel\" aria-invalid=\"false\" placeholder=\"T\u00e9l\u00e9phone\" value=\"\" type=\"tel\" name=\"Phonenumber\" \/><\/span>\n\t\t\t<\/p>\n\t\t<\/div>\n\t\t<div class=\"col-md-6\">\n\t\t\t<p><span class=\"wpcf7-form-control-wrap\" data-name=\"Zipcode\"><input size=\"40\" maxlength=\"400\" class=\"wpcf7-form-control wpcf7-text\" aria-invalid=\"false\" placeholder=\"Code postal\" value=\"\" type=\"text\" name=\"Zipcode\" \/><\/span>\n\t\t\t<\/p>\n\t\t<\/div>\n\t<\/div>\n\t<div class=\"row\">\n\t\t<div class=\"col-md-12\">\n\t\t\t<p><span class=\"wpcf7-form-control-wrap\" data-name=\"your-message\"><textarea cols=\"50\" rows=\"4\" maxlength=\"2000\" class=\"wpcf7-form-control wpcf7-textarea wpcf7-validates-as-required\" aria-required=\"true\" aria-invalid=\"false\" placeholder=\"Votre message\" name=\"your-message\"><\/textarea><\/span>\n\t\t\t<\/p>\n\t\t<\/div>\n\t<\/div>\n\t<div class=\"row\">\n\t\t<div class=\"col-md-12\">\n\t\t\t<div class=\"prt-contact-btn prt-btn-color-skincolor prt-btn-style-flat prt-btn-shape-round elementor-widget elementor-widget-button\">\n\t\t\t\t<p><input class=\"wpcf7-form-control wpcf7-submit has-spinner elementor-button-link elementor-button elementor-size-md\" type=\"submit\" value=\"Envoyer\" \/>\n\t\t\t\t<\/p>\n\t\t\t<\/div>\n\t\t<\/div>\n\t<\/div>\n<div class=\"wpcf7-response-output\" aria-hidden=\"true\"><\/div>\n<\/div><p style=\"display: none !important;\" class=\"akismet-fields-container\" data-prefix=\"_wpcf7_ak_\"><label>&#916;<textarea name=\"_wpcf7_ak_hp_textarea\" cols=\"45\" rows=\"8\" maxlength=\"100\"><\/textarea><\/label><input type=\"hidden\" id=\"ak_js_1\" name=\"_wpcf7_ak_js\" value=\"126\"\/><script>document.getElementById( \"ak_js_1\" ).setAttribute( \"value\", ( new Date() ).getTime() );<\/script><\/p>\n<\/form>\n<\/div>\n<\/div>\n\t\t\t\t\t\t<\/div>\n\t\t\t\t<\/div>\n\t\t\t\t\t<\/div>\n\t\t\t\t<\/div>\n\t\t<div class=\"elementor-element elementor-element-2e201b9 e-flex e-con-boxed e-con e-parent\" data-id=\"2e201b9\" data-element_type=\"container\" data-e-type=\"container\">\n\t\t\t\t\t<div class=\"e-con-inner\">\n\t\t\t\t<div class=\"elementor-element elementor-element-c32d7eb elementor-widget elementor-widget-text-editor\" data-id=\"c32d7eb\" data-element_type=\"widget\" data-e-type=\"widget\" data-widget_type=\"text-editor.default\">\n\t\t\t\t<div class=\"elementor-widget-container\">\n\t\t\t\t\t\t\t\t\t<p><b>Une propri\u00e9t\u00e9 bien situ\u00e9e<\/b><\/p><p>L&rsquo;anomalie conductrice de 8 km de la propri\u00e9t\u00e9 Kremer est localis\u00e9e au nord-ouest de notre bloc de claims, dans la zone d&rsquo;exploitation contr\u00f4l\u00e9e Lavigne.\u00a0 La propri\u00e9t\u00e9 b\u00e9n\u00e9ficie d&rsquo;un emplacement strat\u00e9gique, \u00e0 proximit\u00e9 d&rsquo;infrastructures existantes dans la couronne nord de Montr\u00e9al (ligne de chemin de fer, lignes \u00e9lectriques, services sp\u00e9cialis\u00e9s).\u00a0 L&rsquo;anomalie se trouve \u00e9galement \u00e0 bonne distance des zones habit\u00e9es, comme le montre la carte ci-dessous.\u00a0<\/p><p><a href=\"https:\/\/nicoenergy.ca\/wp-content\/uploads\/2025\/04\/distanceprojet_lacs_villes-scaled.jpg\"><img fetchpriority=\"high\" decoding=\"async\" class=\"alignnone wp-image-14519 size-large\" src=\"https:\/\/nicoenergy.ca\/wp-content\/uploads\/2025\/04\/distanceprojet_lacs_villes-1024x654.jpg\" alt=\"\" width=\"847\" height=\"541\" srcset=\"https:\/\/nicoenergy.ca\/wp-content\/uploads\/2025\/04\/distanceprojet_lacs_villes-1024x654.jpg 1024w, https:\/\/nicoenergy.ca\/wp-content\/uploads\/2025\/04\/distanceprojet_lacs_villes-300x192.jpg 300w, https:\/\/nicoenergy.ca\/wp-content\/uploads\/2025\/04\/distanceprojet_lacs_villes-768x491.jpg 768w, https:\/\/nicoenergy.ca\/wp-content\/uploads\/2025\/04\/distanceprojet_lacs_villes-1536x982.jpg 1536w, https:\/\/nicoenergy.ca\/wp-content\/uploads\/2025\/04\/distanceprojet_lacs_villes-2048x1309.jpg 2048w, https:\/\/nicoenergy.ca\/wp-content\/uploads\/2025\/04\/distanceprojet_lacs_villes-751x480.jpg 751w, https:\/\/nicoenergy.ca\/wp-content\/uploads\/2025\/04\/distanceprojet_lacs_villes-617x394.jpg 617w\" sizes=\"(max-width: 847px) 100vw, 847px\" \/><\/a><\/p>\t\t\t\t\t\t\t\t<\/div>\n\t\t\t\t<\/div>\n\t\t\t\t\t<\/div>\n\t\t\t\t<\/div>\n\t\t\t\t<\/div>\n\t\t","protected":false},"excerpt":{"rendered":"<p>Si vous souhaitez obtenir de plus amples informations ou partager une r\u00e9flexion avec nous, n\u2019h\u00e9sitez pas \u00e0 nous en faire part. Une propri\u00e9t\u00e9 bien situ\u00e9e L&rsquo;anomalie conductrice de 8 km de la propri\u00e9t\u00e9 Kremer est localis\u00e9e au nord-ouest de notre bloc de claims, dans la zone d&rsquo;exploitation contr\u00f4l\u00e9e Lavigne.\u00a0 La propri\u00e9t\u00e9 b\u00e9n\u00e9ficie d&rsquo;un emplacement strat\u00e9gique, &hellip; <a href=\"https:\/\/nicoenergy.ca\/fr\/communaute\/\" class=\"more-link\">Continue reading <span class=\"screen-reader-text\">Communaut\u00e9<\/span><\/a><\/p>\n","protected":false},"author":1,"featured_media":0,"parent":0,"menu_order":0,"comment_status":"closed","ping_status":"closed","template":"","meta":{"footnotes":""},"class_list":["post-14006","page","type-page","status-publish","hentry"],"yoast_head":"<!-- This site is optimized with the Yoast SEO plugin v27.0 - https:\/\/yoast.com\/product\/yoast-seo-wordpress\/ -->\n<title>Communaut\u00e9 | Ni-Co &Eacute;nergie Inc<\/title>\n<meta name=\"robots\" content=\"index, follow, max-snippet:-1, max-image-preview:large, max-video-preview:-1\" \/>\n<link rel=\"canonical\" href=\"https:\/\/nicoenergy.ca\/fr\/communaute\/\" \/>\n<meta property=\"og:locale\" content=\"fr_FR\" \/>\n<meta property=\"og:type\" content=\"article\" \/>\n<meta property=\"og:title\" content=\"Communaut\u00e9 | Ni-Co &Eacute;nergie Inc\" \/>\n<meta property=\"og:description\" content=\"Si vous souhaitez obtenir de plus amples informations ou partager une r\u00e9flexion avec nous, n\u2019h\u00e9sitez pas \u00e0 nous en faire part. Une propri\u00e9t\u00e9 bien situ\u00e9e L&rsquo;anomalie conductrice de 8 km de la propri\u00e9t\u00e9 Kremer est localis\u00e9e au nord-ouest de notre bloc de claims, dans la zone d&rsquo;exploitation contr\u00f4l\u00e9e Lavigne.\u00a0 La propri\u00e9t\u00e9 b\u00e9n\u00e9ficie d&rsquo;un emplacement strat\u00e9gique, &hellip; Continue reading Communaut\u00e9\" \/>\n<meta property=\"og:url\" content=\"https:\/\/nicoenergy.ca\/fr\/communaute\/\" \/>\n<meta property=\"og:site_name\" content=\"Ni-Co &Eacute;nergie Inc\" \/>\n<meta property=\"article:publisher\" content=\"https:\/\/www.facebook.com\/profile.php?id=61565065499881\" \/>\n<meta property=\"article:modified_time\" content=\"2025-04-09T19:34:15+00:00\" \/>\n<meta property=\"og:image\" content=\"https:\/\/nicoenergy.ca\/wp-content\/uploads\/2025\/04\/distanceprojet_lacs_villes-scaled.jpg\" \/>\n\t<meta property=\"og:image:width\" content=\"2560\" \/>\n\t<meta property=\"og:image:height\" content=\"1636\" \/>\n\t<meta property=\"og:image:type\" content=\"image\/jpeg\" \/>\n<meta name=\"twitter:card\" content=\"summary_large_image\" \/>\n<meta name=\"twitter:site\" content=\"@NiCo_Energy_inc\" \/>\n<meta name=\"twitter:label1\" content=\"Dur\u00e9e de lecture estim\u00e9e\" \/>\n\t<meta name=\"twitter:data1\" content=\"1 minute\" \/>\n<script type=\"application\/ld+json\" class=\"yoast-schema-graph\">{\"@context\":\"https:\/\/schema.org\",\"@graph\":[{\"@type\":\"WebPage\",\"@id\":\"https:\/\/nicoenergy.ca\/fr\/communaute\/\",\"url\":\"https:\/\/nicoenergy.ca\/fr\/communaute\/\",\"name\":\"Communaut\u00e9 | Ni-Co &Eacute;nergie Inc\",\"isPartOf\":{\"@id\":\"https:\/\/nicoenergy.ca\/#website\"},\"primaryImageOfPage\":{\"@id\":\"https:\/\/nicoenergy.ca\/fr\/communaute\/#primaryimage\"},\"image\":{\"@id\":\"https:\/\/nicoenergy.ca\/fr\/communaute\/#primaryimage\"},\"thumbnailUrl\":\"https:\/\/nicoenergy.ca\/wp-content\/uploads\/2025\/04\/distanceprojet_lacs_villes-1024x654.jpg\",\"datePublished\":\"2024-12-20T15:36:12+00:00\",\"dateModified\":\"2025-04-09T19:34:15+00:00\",\"breadcrumb\":{\"@id\":\"https:\/\/nicoenergy.ca\/fr\/communaute\/#breadcrumb\"},\"inLanguage\":\"fr-FR\",\"potentialAction\":[{\"@type\":\"ReadAction\",\"target\":[\"https:\/\/nicoenergy.ca\/fr\/communaute\/\"]}]},{\"@type\":\"ImageObject\",\"inLanguage\":\"fr-FR\",\"@id\":\"https:\/\/nicoenergy.ca\/fr\/communaute\/#primaryimage\",\"url\":\"https:\/\/nicoenergy.ca\/wp-content\/uploads\/2025\/04\/distanceprojet_lacs_villes-1024x654.jpg\",\"contentUrl\":\"https:\/\/nicoenergy.ca\/wp-content\/uploads\/2025\/04\/distanceprojet_lacs_villes-1024x654.jpg\"},{\"@type\":\"BreadcrumbList\",\"@id\":\"https:\/\/nicoenergy.ca\/fr\/communaute\/#breadcrumb\",\"itemListElement\":[{\"@type\":\"ListItem\",\"position\":1,\"name\":\"Home\",\"item\":\"https:\/\/nicoenergy.ca\/fr\/\"},{\"@type\":\"ListItem\",\"position\":2,\"name\":\"Communaut\u00e9\"}]},{\"@type\":\"WebSite\",\"@id\":\"https:\/\/nicoenergy.ca\/#website\",\"url\":\"https:\/\/nicoenergy.ca\/\",\"name\":\"Ni-Co \u00c9nergie Inc\",\"description\":\"Exploration de min&eacute;raux critiques comme le nickel, cuivre et cobalt\",\"publisher\":{\"@id\":\"https:\/\/nicoenergy.ca\/#organization\"},\"alternateName\":\"Ni-Co Energy Inc.\",\"potentialAction\":[{\"@type\":\"SearchAction\",\"target\":{\"@type\":\"EntryPoint\",\"urlTemplate\":\"https:\/\/nicoenergy.ca\/?s={search_term_string}\"},\"query-input\":{\"@type\":\"PropertyValueSpecification\",\"valueRequired\":true,\"valueName\":\"search_term_string\"}}],\"inLanguage\":\"fr-FR\"},{\"@type\":\"Organization\",\"@id\":\"https:\/\/nicoenergy.ca\/#organization\",\"name\":\"Ni-Co \u00c9nergie Inc\",\"url\":\"https:\/\/nicoenergy.ca\/\",\"logo\":{\"@type\":\"ImageObject\",\"inLanguage\":\"fr-FR\",\"@id\":\"https:\/\/nicoenergy.ca\/#\/schema\/logo\/image\/\",\"url\":\"https:\/\/nicoenergy.ca\/wp-content\/uploads\/2024\/11\/cropped-favicon.png\",\"contentUrl\":\"https:\/\/nicoenergy.ca\/wp-content\/uploads\/2024\/11\/cropped-favicon.png\",\"width\":512,\"height\":512,\"caption\":\"Ni-Co \u00c9nergie Inc\"},\"image\":{\"@id\":\"https:\/\/nicoenergy.ca\/#\/schema\/logo\/image\/\"},\"sameAs\":[\"https:\/\/www.facebook.com\/profile.php?id=61565065499881\",\"https:\/\/x.com\/NiCo_Energy_inc\",\"https:\/\/www.linkedin.com\/company\/ni-co-energy-inc\/?viewAsMember=true\"]}]}<\/script>\n<!-- \/ Yoast SEO plugin. -->","yoast_head_json":{"title":"Communaut\u00e9 | Ni-Co &Eacute;nergie Inc","robots":{"index":"index","follow":"follow","max-snippet":"max-snippet:-1","max-image-preview":"max-image-preview:large","max-video-preview":"max-video-preview:-1"},"canonical":"https:\/\/nicoenergy.ca\/fr\/communaute\/","og_locale":"fr_FR","og_type":"article","og_title":"Communaut\u00e9 | Ni-Co &Eacute;nergie Inc","og_description":"Si vous souhaitez obtenir de plus amples informations ou partager une r\u00e9flexion avec nous, n\u2019h\u00e9sitez pas \u00e0 nous en faire part. Une propri\u00e9t\u00e9 bien situ\u00e9e L&rsquo;anomalie conductrice de 8 km de la propri\u00e9t\u00e9 Kremer est localis\u00e9e au nord-ouest de notre bloc de claims, dans la zone d&rsquo;exploitation contr\u00f4l\u00e9e Lavigne.\u00a0 La propri\u00e9t\u00e9 b\u00e9n\u00e9ficie d&rsquo;un emplacement strat\u00e9gique, &hellip; Continue reading Communaut\u00e9","og_url":"https:\/\/nicoenergy.ca\/fr\/communaute\/","og_site_name":"Ni-Co &Eacute;nergie Inc","article_publisher":"https:\/\/www.facebook.com\/profile.php?id=61565065499881","article_modified_time":"2025-04-09T19:34:15+00:00","og_image":[{"width":2560,"height":1636,"url":"https:\/\/nicoenergy.ca\/wp-content\/uploads\/2025\/04\/distanceprojet_lacs_villes-scaled.jpg","type":"image\/jpeg"}],"twitter_card":"summary_large_image","twitter_site":"@NiCo_Energy_inc","twitter_misc":{"Dur\u00e9e de lecture estim\u00e9e":"1 minute"},"schema":{"@context":"https:\/\/schema.org","@graph":[{"@type":"WebPage","@id":"https:\/\/nicoenergy.ca\/fr\/communaute\/","url":"https:\/\/nicoenergy.ca\/fr\/communaute\/","name":"Communaut\u00e9 | Ni-Co &Eacute;nergie Inc","isPartOf":{"@id":"https:\/\/nicoenergy.ca\/#website"},"primaryImageOfPage":{"@id":"https:\/\/nicoenergy.ca\/fr\/communaute\/#primaryimage"},"image":{"@id":"https:\/\/nicoenergy.ca\/fr\/communaute\/#primaryimage"},"thumbnailUrl":"https:\/\/nicoenergy.ca\/wp-content\/uploads\/2025\/04\/distanceprojet_lacs_villes-1024x654.jpg","datePublished":"2024-12-20T15:36:12+00:00","dateModified":"2025-04-09T19:34:15+00:00","breadcrumb":{"@id":"https:\/\/nicoenergy.ca\/fr\/communaute\/#breadcrumb"},"inLanguage":"fr-FR","potentialAction":[{"@type":"ReadAction","target":["https:\/\/nicoenergy.ca\/fr\/communaute\/"]}]},{"@type":"ImageObject","inLanguage":"fr-FR","@id":"https:\/\/nicoenergy.ca\/fr\/communaute\/#primaryimage","url":"https:\/\/nicoenergy.ca\/wp-content\/uploads\/2025\/04\/distanceprojet_lacs_villes-1024x654.jpg","contentUrl":"https:\/\/nicoenergy.ca\/wp-content\/uploads\/2025\/04\/distanceprojet_lacs_villes-1024x654.jpg"},{"@type":"BreadcrumbList","@id":"https:\/\/nicoenergy.ca\/fr\/communaute\/#breadcrumb","itemListElement":[{"@type":"ListItem","position":1,"name":"Home","item":"https:\/\/nicoenergy.ca\/fr\/"},{"@type":"ListItem","position":2,"name":"Communaut\u00e9"}]},{"@type":"WebSite","@id":"https:\/\/nicoenergy.ca\/#website","url":"https:\/\/nicoenergy.ca\/","name":"Ni-Co \u00c9nergie Inc","description":"Exploration de min&eacute;raux critiques comme le nickel, cuivre et cobalt","publisher":{"@id":"https:\/\/nicoenergy.ca\/#organization"},"alternateName":"Ni-Co Energy Inc.","potentialAction":[{"@type":"SearchAction","target":{"@type":"EntryPoint","urlTemplate":"https:\/\/nicoenergy.ca\/?s={search_term_string}"},"query-input":{"@type":"PropertyValueSpecification","valueRequired":true,"valueName":"search_term_string"}}],"inLanguage":"fr-FR"},{"@type":"Organization","@id":"https:\/\/nicoenergy.ca\/#organization","name":"Ni-Co \u00c9nergie Inc","url":"https:\/\/nicoenergy.ca\/","logo":{"@type":"ImageObject","inLanguage":"fr-FR","@id":"https:\/\/nicoenergy.ca\/#\/schema\/logo\/image\/","url":"https:\/\/nicoenergy.ca\/wp-content\/uploads\/2024\/11\/cropped-favicon.png","contentUrl":"https:\/\/nicoenergy.ca\/wp-content\/uploads\/2024\/11\/cropped-favicon.png","width":512,"height":512,"caption":"Ni-Co \u00c9nergie Inc"},"image":{"@id":"https:\/\/nicoenergy.ca\/#\/schema\/logo\/image\/"},"sameAs":["https:\/\/www.facebook.com\/profile.php?id=61565065499881","https:\/\/x.com\/NiCo_Energy_inc","https:\/\/www.linkedin.com\/company\/ni-co-energy-inc\/?viewAsMember=true"]}]}},"_links":{"self":[{"href":"https:\/\/nicoenergy.ca\/fr\/wp-json\/wp\/v2\/pages\/14006","targetHints":{"allow":["GET"]}}],"collection":[{"href":"https:\/\/nicoenergy.ca\/fr\/wp-json\/wp\/v2\/pages"}],"about":[{"href":"https:\/\/nicoenergy.ca\/fr\/wp-json\/wp\/v2\/types\/page"}],"author":[{"embeddable":true,"href":"https:\/\/nicoenergy.ca\/fr\/wp-json\/wp\/v2\/users\/1"}],"replies":[{"embeddable":true,"href":"https:\/\/nicoenergy.ca\/fr\/wp-json\/wp\/v2\/comments?post=14006"}],"version-history":[{"count":22,"href":"https:\/\/nicoenergy.ca\/fr\/wp-json\/wp\/v2\/pages\/14006\/revisions"}],"predecessor-version":[{"id":14550,"href":"https:\/\/nicoenergy.ca\/fr\/wp-json\/wp\/v2\/pages\/14006\/revisions\/14550"}],"wp:attachment":[{"href":"https:\/\/nicoenergy.ca\/fr\/wp-json\/wp\/v2\/media?parent=14006"}],"curies":[{"name":"wp","href":"https:\/\/api.w.org\/{rel}","templated":true}]}}